{"id":110,"date":"2026-03-08T19:01:43","date_gmt":"2026-03-08T18:01:43","guid":{"rendered":"https:\/\/staging.firstsight.be\/?page_id=110"},"modified":"2026-03-08T19:18:59","modified_gmt":"2026-03-08T18:18:59","slug":"partners","status":"publish","type":"page","link":"https:\/\/staging.firstsight.be\/fr\/partners\/","title":{"rendered":"Partenaires"},"content":{"rendered":"\r\n<p><strong>Vous \u00eates une entreprise et souhaitez rejoindre notre r\u00e9seau de partenaires?\r\n<\/strong><\/p>\r\n\r\n\r\n\r\n<p>Si vous \u00eates une entreprise du secteur \u00e9v\u00e9nementiel (organisateur de mariage, fleuriste, loueur de mat\u00e9riel, sp\u00e9cialiste audiovisuel, d\u00e9corateur, constructeur de sc\u00e8nes, etc.) et que vous souhaitez int\u00e9grer notre r\u00e9seau de fournisseurs de confiance, n&#8217;h\u00e9sitez pas \u00e0 nous contacter \u00e0 l&#8217;adresse <a href=\"mailto:info@firstsight.be\">info@firstsight.be<\/a>. On peut en discuter autour d&#8217;un caf\u00e9!<\/p>\r\n\r\n\r\n\r\n<p><strong>Vous \u00eates un lieu de r\u00e9ception, un organisateur de mariage\/\u00e9v\u00e9nements ou une entreprise de location? Nous pr\u00e9parons une surprise pour vous\u2026 mais chut! N&#8217;en parlez pas encore!\r\n<\/strong><\/p>\r\n\r\n\r\n\r\n<p>Si cela vous int\u00e9resse, laissez-nous vos coordonn\u00e9es \u00e0 l&#8217;adresse <a href=\"mailto:love@firstsight.be\">hello@firstsight.be<\/a>&#8230;<br>Vous risquez d&#8217;\u00eatre surpris(e) si vous ratez le lancement!<\/p>\r\n","protected":false},"excerpt":{"rendered":"<p>Vous \u00eates une entreprise et souhaitez rejoindre notre r\u00e9seau de partenaires? Si vous \u00eates une entreprise du secteur \u00e9v\u00e9nementiel (organisateur de mariage, fleuriste, loueur de mat\u00e9riel, sp\u00e9cialiste audiovisuel, d\u00e9corateur, constructeur de sc\u00e8nes, etc.) et que vous souhaitez int\u00e9grer notre r\u00e9seau de fournisseurs de confiance, n&#8217;h\u00e9sitez pas \u00e0 nous contacter \u00e0 l&#8217;adresse info@firstsight.be. On peut en [&hellip;]<\/p>\n","protected":false},"author":1,"featured_media":0,"parent":0,"menu_order":0,"comment_status":"closed","ping_status":"closed","template":"","meta":{"footnotes":""},"class_list":["post-110","page","type-page","status-publish","hentry"],"yoast_head":"<!-- This site is optimized with the Yoast SEO plugin v27.3 - https:\/\/yoast.com\/product\/yoast-seo-wordpress\/ -->\n<title>Partenaires<\/title>\n<meta name=\"description\" content=\"Vous \u00eates une entreprise et souhaitez rejoindre notre r\u00e9seau de partenaires? Si vous \u00eates une entreprise du secteur \u00e9v\u00e9nementiel (organisateur de mariage, fleuriste, loueur de mat\u00e9riel, sp\u00e9cialiste audiovisuel, d\u00e9corateur, constructeur de sc\u00e8nes, etc.) et que vous souhaitez int\u00e9grer notre r\u00e9seau de fournisseurs de confiance, n&#039;h\u00e9sitez pas \u00e0 nous contacter \u00e0 l&#039;adresse info@firstsight.be. On peut en&hellip;\" \/>\n<meta name=\"robots\" content=\"index, follow, max-snippet:-1, max-image-preview:large, max-video-preview:-1\" \/>\n<link rel=\"canonical\" href=\"http:\/\/Vous%20\u00eates%20une%20entreprise%20et%20souhaitez%20rejoindre%20notre%20r\u00e9seau%20de%20partenaires?%20Si%20vous%20\u00eates%20une%20entreprise%20du%20secteur%20\u00e9v\u00e9nementiel%20(organisateur%20de%20mariage,%20fleuriste,%20loueur%20de%20mat\u00e9riel,%20sp\u00e9cialiste%20audiovisuel,%20d\u00e9corateur,%20constructeur%20de%20sc\u00e8nes,%20etc.)%20et%20que%20vous%20souhaitez%20int\u00e9grer%20notre%20r\u00e9seau%20de%20fournisseurs%20de%20confiance,%20n'h\u00e9sitez%20pas%20\u00e0%20nous%20contacter%20\u00e0%20l'adresse%20info@firstsight.be.%20On%20peut%20en&hellip;\" \/>\n<meta property=\"og:locale\" content=\"fr_FR\" \/>\n<meta property=\"og:type\" content=\"article\" \/>\n<meta property=\"og:title\" content=\"Partenaires\" \/>\n<meta property=\"og:description\" content=\"Vous \u00eates une entreprise et souhaitez rejoindre notre r\u00e9seau de partenaires? Si vous \u00eates une entreprise du secteur \u00e9v\u00e9nementiel (organisateur de mariage, fleuriste, loueur de mat\u00e9riel, sp\u00e9cialiste audiovisuel, d\u00e9corateur, constructeur de sc\u00e8nes, etc.) et que vous souhaitez int\u00e9grer notre r\u00e9seau de fournisseurs de confiance, n&#039;h\u00e9sitez pas \u00e0 nous contacter \u00e0 l&#039;adresse info@firstsight.be. On peut en&hellip;\" \/>\n<meta property=\"og:url\" content=\"https:\/\/staging.firstsight.be\/fr\/partners\/\" \/>\n<meta property=\"og:site_name\" content=\"First Sight\" \/>\n<meta property=\"article:publisher\" content=\"https:\/\/www.facebook.com\/firstsight.be\" \/>\n<meta property=\"article:modified_time\" content=\"2026-03-08T18:18:59+00:00\" \/>\n<meta name=\"twitter:card\" content=\"summary_large_image\" \/>\n<meta name=\"twitter:label1\" content=\"Dur\u00e9e de lecture est.\" \/>\n\t<meta name=\"twitter:data1\" content=\"1 minute\" \/>\n<script type=\"application\/ld+json\" class=\"yoast-schema-graph\">{\"@context\":\"https:\\\/\\\/schema.org\",\"@graph\":[{\"@type\":\"WebPage\",\"@id\":\"https:\\\/\\\/staging.firstsight.be\\\/fr\\\/partners\\\/\",\"url\":\"https:\\\/\\\/staging.firstsight.be\\\/fr\\\/partners\\\/\",\"name\":\"Partners - First Sight\",\"isPartOf\":{\"@id\":\"https:\\\/\\\/staging.firstsight.be\\\/en\\\/#website\"},\"datePublished\":\"2026-03-08T18:01:43+00:00\",\"dateModified\":\"2026-03-08T18:18:59+00:00\",\"description\":\"Our partners are as important as much as our customers. Become part of our partnernetwork, if you're in the event industry.\",\"breadcrumb\":{\"@id\":\"https:\\\/\\\/staging.firstsight.be\\\/fr\\\/partners\\\/#breadcrumb\"},\"inLanguage\":\"fr-BE\",\"potentialAction\":[{\"@type\":\"ReadAction\",\"target\":[\"https:\\\/\\\/staging.firstsight.be\\\/fr\\\/partners\\\/\"]}]},{\"@type\":\"BreadcrumbList\",\"@id\":\"https:\\\/\\\/staging.firstsight.be\\\/fr\\\/partners\\\/#breadcrumb\",\"itemListElement\":[{\"@type\":\"ListItem\",\"position\":1,\"name\":\"Home\",\"item\":\"https:\\\/\\\/staging.firstsight.be\\\/en\\\/\"},{\"@type\":\"ListItem\",\"position\":2,\"name\":\"Partenaires\"}]},{\"@type\":\"WebSite\",\"@id\":\"https:\\\/\\\/staging.firstsight.be\\\/fr\\\/en\\\/#website\",\"url\":\"https:\\\/\\\/staging.firstsight.be\\\/fr\\\/en\\\/\",\"name\":\"First Sight - Event Decorations\",\"description\":\"Event Decorations\",\"publisher\":{\"@id\":\"https:\\\/\\\/staging.firstsight.be\\\/fr\\\/en\\\/#organization\"},\"potentialAction\":[{\"@type\":\"SearchAction\",\"target\":{\"@type\":\"EntryPoint\",\"urlTemplate\":\"https:\\\/\\\/staging.firstsight.be\\\/fr\\\/en\\\/?s={search_term_string}\"},\"query-input\":{\"@type\":\"PropertyValueSpecification\",\"valueRequired\":true,\"valueName\":\"search_term_string\"}}],\"inLanguage\":\"fr-BE\"},{\"@type\":\"Organization\",\"@id\":\"https:\\\/\\\/staging.firstsight.be\\\/fr\\\/en\\\/#organization\",\"name\":\"First Sight\",\"url\":\"https:\\\/\\\/staging.firstsight.be\\\/fr\\\/en\\\/\",\"logo\":{\"@type\":\"ImageObject\",\"inLanguage\":\"fr-BE\",\"@id\":\"https:\\\/\\\/staging.firstsight.be\\\/fr\\\/en\\\/#\\\/schema\\\/logo\\\/image\\\/\",\"url\":\"https:\\\/\\\/staging.firstsight.be\\\/wp-content\\\/uploads\\\/2026\\\/03\\\/fs-logo-2.png\",\"contentUrl\":\"https:\\\/\\\/staging.firstsight.be\\\/wp-content\\\/uploads\\\/2026\\\/03\\\/fs-logo-2.png\",\"width\":867,\"height\":264,\"caption\":\"First Sight\"},\"image\":{\"@id\":\"https:\\\/\\\/staging.firstsight.be\\\/fr\\\/en\\\/#\\\/schema\\\/logo\\\/image\\\/\"},\"sameAs\":[\"https:\\\/\\\/www.facebook.com\\\/firstsight.be\"]}]}<\/script>\n<!-- \/ Yoast SEO plugin. -->","yoast_head_json":{"title":"Partenaires","description":"Vous \u00eates une entreprise et souhaitez rejoindre notre r\u00e9seau de partenaires? Si vous \u00eates une entreprise du secteur \u00e9v\u00e9nementiel (organisateur de mariage, fleuriste, loueur de mat\u00e9riel, sp\u00e9cialiste audiovisuel, d\u00e9corateur, constructeur de sc\u00e8nes, etc.) et que vous souhaitez int\u00e9grer notre r\u00e9seau de fournisseurs de confiance, n'h\u00e9sitez pas \u00e0 nous contacter \u00e0 l'adresse info@firstsight.be. On peut en&hellip;","robots":{"index":"index","follow":"follow","max-snippet":"max-snippet:-1","max-image-preview":"max-image-preview:large","max-video-preview":"max-video-preview:-1"},"canonical":"Vous \u00eates une entreprise et souhaitez rejoindre notre r\u00e9seau de partenaires? Si vous \u00eates une entreprise du secteur \u00e9v\u00e9nementiel (organisateur de mariage, fleuriste, loueur de mat\u00e9riel, sp\u00e9cialiste audiovisuel, d\u00e9corateur, constructeur de sc\u00e8nes, etc.) et que vous souhaitez int\u00e9grer notre r\u00e9seau de fournisseurs de confiance, n'h\u00e9sitez pas \u00e0 nous contacter \u00e0 l'adresse info@firstsight.be. On peut en&hellip;","og_locale":"fr_FR","og_type":"article","og_title":"Partenaires","og_description":"Vous \u00eates une entreprise et souhaitez rejoindre notre r\u00e9seau de partenaires? Si vous \u00eates une entreprise du secteur \u00e9v\u00e9nementiel (organisateur de mariage, fleuriste, loueur de mat\u00e9riel, sp\u00e9cialiste audiovisuel, d\u00e9corateur, constructeur de sc\u00e8nes, etc.) et que vous souhaitez int\u00e9grer notre r\u00e9seau de fournisseurs de confiance, n'h\u00e9sitez pas \u00e0 nous contacter \u00e0 l'adresse info@firstsight.be. On peut en&hellip;","og_url":"https:\/\/staging.firstsight.be\/fr\/partners\/","og_site_name":"First Sight","article_publisher":"https:\/\/www.facebook.com\/firstsight.be","article_modified_time":"2026-03-08T18:18:59+00:00","twitter_card":"summary_large_image","twitter_misc":{"Dur\u00e9e de lecture est.":"1 minute"},"schema":{"@context":"https:\/\/schema.org","@graph":[{"@type":"WebPage","@id":"https:\/\/staging.firstsight.be\/fr\/partners\/","url":"https:\/\/staging.firstsight.be\/fr\/partners\/","name":"Partners - First Sight","isPartOf":{"@id":"https:\/\/staging.firstsight.be\/en\/#website"},"datePublished":"2026-03-08T18:01:43+00:00","dateModified":"2026-03-08T18:18:59+00:00","description":"Our partners are as important as much as our customers. Become part of our partnernetwork, if you're in the event industry.","breadcrumb":{"@id":"https:\/\/staging.firstsight.be\/fr\/partners\/#breadcrumb"},"inLanguage":"fr-BE","potentialAction":[{"@type":"ReadAction","target":["https:\/\/staging.firstsight.be\/fr\/partners\/"]}]},{"@type":"BreadcrumbList","@id":"https:\/\/staging.firstsight.be\/fr\/partners\/#breadcrumb","itemListElement":[{"@type":"ListItem","position":1,"name":"Home","item":"https:\/\/staging.firstsight.be\/en\/"},{"@type":"ListItem","position":2,"name":"Partenaires"}]},{"@type":"WebSite","@id":"https:\/\/staging.firstsight.be\/fr\/en\/#website","url":"https:\/\/staging.firstsight.be\/fr\/en\/","name":"First Sight - Event Decorations","description":"Event Decorations","publisher":{"@id":"https:\/\/staging.firstsight.be\/fr\/en\/#organization"},"potentialAction":[{"@type":"SearchAction","target":{"@type":"EntryPoint","urlTemplate":"https:\/\/staging.firstsight.be\/fr\/en\/?s={search_term_string}"},"query-input":{"@type":"PropertyValueSpecification","valueRequired":true,"valueName":"search_term_string"}}],"inLanguage":"fr-BE"},{"@type":"Organization","@id":"https:\/\/staging.firstsight.be\/fr\/en\/#organization","name":"First Sight","url":"https:\/\/staging.firstsight.be\/fr\/en\/","logo":{"@type":"ImageObject","inLanguage":"fr-BE","@id":"https:\/\/staging.firstsight.be\/fr\/en\/#\/schema\/logo\/image\/","url":"https:\/\/staging.firstsight.be\/wp-content\/uploads\/2026\/03\/fs-logo-2.png","contentUrl":"https:\/\/staging.firstsight.be\/wp-content\/uploads\/2026\/03\/fs-logo-2.png","width":867,"height":264,"caption":"First Sight"},"image":{"@id":"https:\/\/staging.firstsight.be\/fr\/en\/#\/schema\/logo\/image\/"},"sameAs":["https:\/\/www.facebook.com\/firstsight.be"]}]}},"_hostinger_reach_plugin_has_subscription_block":false,"_hostinger_reach_plugin_is_elementor":false,"_links":{"self":[{"href":"https:\/\/staging.firstsight.be\/fr\/wp-json\/wp\/v2\/pages\/110","targetHints":{"allow":["GET"]}}],"collection":[{"href":"https:\/\/staging.firstsight.be\/fr\/wp-json\/wp\/v2\/pages"}],"about":[{"href":"https:\/\/staging.firstsight.be\/fr\/wp-json\/wp\/v2\/types\/page"}],"author":[{"embeddable":true,"href":"https:\/\/staging.firstsight.be\/fr\/wp-json\/wp\/v2\/users\/1"}],"replies":[{"embeddable":true,"href":"https:\/\/staging.firstsight.be\/fr\/wp-json\/wp\/v2\/comments?post=110"}],"version-history":[{"count":3,"href":"https:\/\/staging.firstsight.be\/fr\/wp-json\/wp\/v2\/pages\/110\/revisions"}],"predecessor-version":[{"id":118,"href":"https:\/\/staging.firstsight.be\/fr\/wp-json\/wp\/v2\/pages\/110\/revisions\/118"}],"wp:attachment":[{"href":"https:\/\/staging.firstsight.be\/fr\/wp-json\/wp\/v2\/media?parent=110"}],"curies":[{"name":"wp","href":"https:\/\/api.w.org\/{rel}","templated":true}]}}