{"id":58,"date":"2026-02-26T22:16:17","date_gmt":"2026-02-26T21:16:17","guid":{"rendered":"https:\/\/staging.firstsight.be\/?page_id=58"},"modified":"2026-03-03T00:23:36","modified_gmt":"2026-03-02T23:23:36","slug":"services","status":"publish","type":"page","link":"https:\/\/staging.firstsight.be\/fr\/services\/","title":{"rendered":"Services"},"content":{"rendered":"<p><strong>D\u00e9coration et stylisme \u00e9v\u00e9nementiels<\/strong><\/p>\n<p>First Sight con\u00e7oit et r\u00e9alise des d\u00e9cors raffin\u00e9s et sur mesure pour vos \u00e9v\u00e9nements les plus pr\u00e9cieux :<\/p>\n<ul>\n<li>Demandes en mariage<\/li>\n<li>Fian\u00e7ailles<\/li>\n<li>Mariages<\/li>\n<li>Enterrements de vie de jeune fille<\/li>\n<li>Bapt\u00eames<\/li>\n<li>Communions<\/li>\n<li>\u00c9v\u00e9nements d\u2019entreprise (c\u00e9l\u00e9brations, \u00e9v\u00e9nements promotionnels, lancements, r\u00e9ceptions priv\u00e9es\u2026)<\/li>\n<\/ul>\n<p>Chaque projet est con\u00e7u sur mesure selon vos envies et d\u00e9bute par un devis personnalis\u00e9 sur demande.<\/p>\n<p><strong>Notre prestation comprend<\/strong><\/p>\n<p><strong>1. Consultation initiale<\/strong><br \/>Une premi\u00e8re rencontre pour cerner vos attentes, vos pr\u00e9f\u00e9rences et l\u2019ambiance souhait\u00e9e.<\/p>\n<p><strong>2. Interpr\u00e9tation de votre planche d\u2019inspiration<\/strong><br \/>Analyse et interpr\u00e9tation approfondies de votre planche d\u2019inspiration cr\u00e9\u00e9e sur notre site web, en accord avec vos inspirations et vos besoins sp\u00e9cifiques.<\/p>\n<p><strong>3. Devis personnalis\u00e9s<\/strong><br \/>Pr\u00e9sentation de propositions personnalis\u00e9es et d\u2019options budg\u00e9taires adapt\u00e9es \u00e0 votre \u00e9v\u00e9nement.<\/p>\n<p><strong>4. Direction artistique et conseils en stylisme<\/strong><\/p>\n<p>Accompagnement professionnel pour tous les \u00e9l\u00e9ments d\u00e9coratifs, notamment&nbsp;:<\/p>\n<ul>\n<li>Compositions florales et bouquets<\/li>\n<li>Bouquet de la mari\u00e9e<\/li>\n<li>Installations et arches de ballons<\/li>\n<li>Arches florales et grandes structures d\u00e9coratives<\/li>\n<li>Stylisme et mise en place des tables<\/li>\n<li>Mat\u00e9riaux, textiles, \u00e9l\u00e9ments graphiques et papeterie<\/li>\n<\/ul>\n<p>5. Recherche et coordination des fournisseurs<br \/>Recherche, s\u00e9lection et coordination de fournisseurs de confiance pour des cr\u00e9ations sur mesure ou personnalis\u00e9es.<\/p>\n<p>6. Production et installation<\/p>\n<ul>\n<li>Cr\u00e9ation et installation sur site de la d\u00e9coration florale<\/li>\n<li>Conception et installations de ballons<\/li>\n<li>Mise en place et stylisme complets de l\u2019\u00e9v\u00e9nement<\/li>\n<\/ul>\n","protected":false},"excerpt":{"rendered":"<p>D\u00e9coration et stylisme \u00e9v\u00e9nementiels First Sight con\u00e7oit et r\u00e9alise des d\u00e9cors raffin\u00e9s et sur mesure pour vos \u00e9v\u00e9nements les plus pr\u00e9cieux : Demandes en mariage Fian\u00e7ailles Mariages Enterrements de vie de jeune fille Bapt\u00eames Communions \u00c9v\u00e9nements d\u2019entreprise (c\u00e9l\u00e9brations, \u00e9v\u00e9nements promotionnels, lancements, r\u00e9ceptions priv\u00e9es\u2026) Chaque projet est con\u00e7u sur mesure selon vos envies et d\u00e9bute par [&hellip;]<\/p>\n","protected":false},"author":1,"featured_media":0,"parent":0,"menu_order":0,"comment_status":"closed","ping_status":"closed","template":"","meta":{"footnotes":""},"class_list":["post-58","page","type-page","status-publish","hentry"],"yoast_head":"<!-- This site is optimized with the Yoast SEO plugin v27.3 - https:\/\/yoast.com\/product\/yoast-seo-wordpress\/ -->\n<title>Services<\/title>\n<meta name=\"description\" content=\"D\u00e9coration et stylisme \u00e9v\u00e9nementielsFirst Sight con\u00e7oit et r\u00e9alise des d\u00e9cors raffin\u00e9s et sur mesure pour vos \u00e9v\u00e9nements les plus pr\u00e9cieux : Demandes en mariage Fian\u00e7ailles Mariages Enterrements de vie de jeune fille Bapt\u00eames Communions \u00c9v\u00e9nements d\u2019entreprise (c\u00e9l\u00e9brations, \u00e9v\u00e9nements promotionnels, lancements, r\u00e9ceptions priv\u00e9es\u2026) Chaque projet est con\u00e7u sur mesure selon vos envies et d\u00e9bute par un&hellip;\" \/>\n<meta name=\"robots\" content=\"index, follow, max-snippet:-1, max-image-preview:large, max-video-preview:-1\" \/>\n<link rel=\"canonical\" href=\"\" \/>\n<meta property=\"og:locale\" content=\"fr_FR\" \/>\n<meta property=\"og:type\" content=\"article\" \/>\n<meta property=\"og:title\" content=\"Services\" \/>\n<meta property=\"og:description\" content=\"D\u00e9coration et stylisme \u00e9v\u00e9nementielsFirst Sight con\u00e7oit et r\u00e9alise des d\u00e9cors raffin\u00e9s et sur mesure pour vos \u00e9v\u00e9nements les plus pr\u00e9cieux : Demandes en mariage Fian\u00e7ailles Mariages Enterrements de vie de jeune fille Bapt\u00eames Communions \u00c9v\u00e9nements d\u2019entreprise (c\u00e9l\u00e9brations, \u00e9v\u00e9nements promotionnels, lancements, r\u00e9ceptions priv\u00e9es\u2026) Chaque projet est con\u00e7u sur mesure selon vos envies et d\u00e9bute par un&hellip;\" \/>\n<meta property=\"og:url\" content=\"https:\/\/staging.firstsight.be\/fr\/services\/\" \/>\n<meta property=\"og:site_name\" content=\"First Sight\" \/>\n<meta property=\"article:publisher\" content=\"https:\/\/www.facebook.com\/firstsight.be\" \/>\n<meta property=\"article:modified_time\" content=\"2026-03-02T23:23:36+00:00\" \/>\n<meta name=\"twitter:card\" content=\"summary_large_image\" \/>\n<meta name=\"twitter:label1\" content=\"Dur\u00e9e de lecture est.\" \/>\n\t<meta name=\"twitter:data1\" content=\"1 minute\" \/>\n<script type=\"application\/ld+json\" class=\"yoast-schema-graph\">{\"@context\":\"https:\\\/\\\/schema.org\",\"@graph\":[{\"@type\":\"WebPage\",\"@id\":\"https:\\\/\\\/staging.firstsight.be\\\/fr\\\/services\\\/\",\"url\":\"https:\\\/\\\/staging.firstsight.be\\\/fr\\\/services\\\/\",\"name\":\"Services - First Sight\",\"isPartOf\":{\"@id\":\"https:\\\/\\\/staging.firstsight.be\\\/en\\\/#website\"},\"datePublished\":\"2026-02-26T21:16:17+00:00\",\"dateModified\":\"2026-03-02T23:23:36+00:00\",\"description\":\"First Sight designs and delivers refined, bespoke d\u00e9cor for your most meaningful occasions. Each project is tailored to your vision.\",\"breadcrumb\":{\"@id\":\"https:\\\/\\\/staging.firstsight.be\\\/fr\\\/services\\\/#breadcrumb\"},\"inLanguage\":\"fr-BE\",\"potentialAction\":[{\"@type\":\"ReadAction\",\"target\":[\"https:\\\/\\\/staging.firstsight.be\\\/fr\\\/services\\\/\"]}]},{\"@type\":\"BreadcrumbList\",\"@id\":\"https:\\\/\\\/staging.firstsight.be\\\/fr\\\/services\\\/#breadcrumb\",\"itemListElement\":[{\"@type\":\"ListItem\",\"position\":1,\"name\":\"Home\",\"item\":\"https:\\\/\\\/staging.firstsight.be\\\/en\\\/\"},{\"@type\":\"ListItem\",\"position\":2,\"name\":\"Services\"}]},{\"@type\":\"WebSite\",\"@id\":\"https:\\\/\\\/staging.firstsight.be\\\/fr\\\/en\\\/#website\",\"url\":\"https:\\\/\\\/staging.firstsight.be\\\/fr\\\/en\\\/\",\"name\":\"First Sight - Event Decorations\",\"description\":\"Event Decorations\",\"publisher\":{\"@id\":\"https:\\\/\\\/staging.firstsight.be\\\/fr\\\/en\\\/#organization\"},\"potentialAction\":[{\"@type\":\"SearchAction\",\"target\":{\"@type\":\"EntryPoint\",\"urlTemplate\":\"https:\\\/\\\/staging.firstsight.be\\\/fr\\\/en\\\/?s={search_term_string}\"},\"query-input\":{\"@type\":\"PropertyValueSpecification\",\"valueRequired\":true,\"valueName\":\"search_term_string\"}}],\"inLanguage\":\"fr-BE\"},{\"@type\":\"Organization\",\"@id\":\"https:\\\/\\\/staging.firstsight.be\\\/fr\\\/en\\\/#organization\",\"name\":\"First Sight\",\"url\":\"https:\\\/\\\/staging.firstsight.be\\\/fr\\\/en\\\/\",\"logo\":{\"@type\":\"ImageObject\",\"inLanguage\":\"fr-BE\",\"@id\":\"https:\\\/\\\/staging.firstsight.be\\\/fr\\\/en\\\/#\\\/schema\\\/logo\\\/image\\\/\",\"url\":\"https:\\\/\\\/staging.firstsight.be\\\/wp-content\\\/uploads\\\/2026\\\/03\\\/fs-logo-2.png\",\"contentUrl\":\"https:\\\/\\\/staging.firstsight.be\\\/wp-content\\\/uploads\\\/2026\\\/03\\\/fs-logo-2.png\",\"width\":867,\"height\":264,\"caption\":\"First Sight\"},\"image\":{\"@id\":\"https:\\\/\\\/staging.firstsight.be\\\/fr\\\/en\\\/#\\\/schema\\\/logo\\\/image\\\/\"},\"sameAs\":[\"https:\\\/\\\/www.facebook.com\\\/firstsight.be\"]}]}<\/script>\n<!-- \/ Yoast SEO plugin. -->","yoast_head_json":{"title":"Services","description":"D\u00e9coration et stylisme \u00e9v\u00e9nementielsFirst Sight con\u00e7oit et r\u00e9alise des d\u00e9cors raffin\u00e9s et sur mesure pour vos \u00e9v\u00e9nements les plus pr\u00e9cieux : Demandes en mariage Fian\u00e7ailles Mariages Enterrements de vie de jeune fille Bapt\u00eames Communions \u00c9v\u00e9nements d\u2019entreprise (c\u00e9l\u00e9brations, \u00e9v\u00e9nements promotionnels, lancements, r\u00e9ceptions priv\u00e9es\u2026) Chaque projet est con\u00e7u sur mesure selon vos envies et d\u00e9bute par un&hellip;","robots":{"index":"index","follow":"follow","max-snippet":"max-snippet:-1","max-image-preview":"max-image-preview:large","max-video-preview":"max-video-preview:-1"},"canonical":"D\u00e9coration et stylisme \u00e9v\u00e9nementielsFirst Sight con\u00e7oit et r\u00e9alise des d\u00e9cors raffin\u00e9s et sur mesure pour vos \u00e9v\u00e9nements les plus pr\u00e9cieux : Demandes en mariage Fian\u00e7ailles Mariages Enterrements de vie de jeune fille Bapt\u00eames Communions \u00c9v\u00e9nements d\u2019entreprise (c\u00e9l\u00e9brations, \u00e9v\u00e9nements promotionnels, lancements, r\u00e9ceptions priv\u00e9es\u2026) Chaque projet est con\u00e7u sur mesure selon vos envies et d\u00e9bute par un&hellip;","og_locale":"fr_FR","og_type":"article","og_title":"Services","og_description":"D\u00e9coration et stylisme \u00e9v\u00e9nementielsFirst Sight con\u00e7oit et r\u00e9alise des d\u00e9cors raffin\u00e9s et sur mesure pour vos \u00e9v\u00e9nements les plus pr\u00e9cieux : Demandes en mariage Fian\u00e7ailles Mariages Enterrements de vie de jeune fille Bapt\u00eames Communions \u00c9v\u00e9nements d\u2019entreprise (c\u00e9l\u00e9brations, \u00e9v\u00e9nements promotionnels, lancements, r\u00e9ceptions priv\u00e9es\u2026) Chaque projet est con\u00e7u sur mesure selon vos envies et d\u00e9bute par un&hellip;","og_url":"https:\/\/staging.firstsight.be\/fr\/services\/","og_site_name":"First Sight","article_publisher":"https:\/\/www.facebook.com\/firstsight.be","article_modified_time":"2026-03-02T23:23:36+00:00","twitter_card":"summary_large_image","twitter_misc":{"Dur\u00e9e de lecture est.":"1 minute"},"schema":{"@context":"https:\/\/schema.org","@graph":[{"@type":"WebPage","@id":"https:\/\/staging.firstsight.be\/fr\/services\/","url":"https:\/\/staging.firstsight.be\/fr\/services\/","name":"Services - First Sight","isPartOf":{"@id":"https:\/\/staging.firstsight.be\/en\/#website"},"datePublished":"2026-02-26T21:16:17+00:00","dateModified":"2026-03-02T23:23:36+00:00","description":"First Sight designs and delivers refined, bespoke d\u00e9cor for your most meaningful occasions. Each project is tailored to your vision.","breadcrumb":{"@id":"https:\/\/staging.firstsight.be\/fr\/services\/#breadcrumb"},"inLanguage":"fr-BE","potentialAction":[{"@type":"ReadAction","target":["https:\/\/staging.firstsight.be\/fr\/services\/"]}]},{"@type":"BreadcrumbList","@id":"https:\/\/staging.firstsight.be\/fr\/services\/#breadcrumb","itemListElement":[{"@type":"ListItem","position":1,"name":"Home","item":"https:\/\/staging.firstsight.be\/en\/"},{"@type":"ListItem","position":2,"name":"Services"}]},{"@type":"WebSite","@id":"https:\/\/staging.firstsight.be\/fr\/en\/#website","url":"https:\/\/staging.firstsight.be\/fr\/en\/","name":"First Sight - Event Decorations","description":"Event Decorations","publisher":{"@id":"https:\/\/staging.firstsight.be\/fr\/en\/#organization"},"potentialAction":[{"@type":"SearchAction","target":{"@type":"EntryPoint","urlTemplate":"https:\/\/staging.firstsight.be\/fr\/en\/?s={search_term_string}"},"query-input":{"@type":"PropertyValueSpecification","valueRequired":true,"valueName":"search_term_string"}}],"inLanguage":"fr-BE"},{"@type":"Organization","@id":"https:\/\/staging.firstsight.be\/fr\/en\/#organization","name":"First Sight","url":"https:\/\/staging.firstsight.be\/fr\/en\/","logo":{"@type":"ImageObject","inLanguage":"fr-BE","@id":"https:\/\/staging.firstsight.be\/fr\/en\/#\/schema\/logo\/image\/","url":"https:\/\/staging.firstsight.be\/wp-content\/uploads\/2026\/03\/fs-logo-2.png","contentUrl":"https:\/\/staging.firstsight.be\/wp-content\/uploads\/2026\/03\/fs-logo-2.png","width":867,"height":264,"caption":"First Sight"},"image":{"@id":"https:\/\/staging.firstsight.be\/fr\/en\/#\/schema\/logo\/image\/"},"sameAs":["https:\/\/www.facebook.com\/firstsight.be"]}]}},"_hostinger_reach_plugin_has_subscription_block":false,"_hostinger_reach_plugin_is_elementor":false,"_links":{"self":[{"href":"https:\/\/staging.firstsight.be\/fr\/wp-json\/wp\/v2\/pages\/58","targetHints":{"allow":["GET"]}}],"collection":[{"href":"https:\/\/staging.firstsight.be\/fr\/wp-json\/wp\/v2\/pages"}],"about":[{"href":"https:\/\/staging.firstsight.be\/fr\/wp-json\/wp\/v2\/types\/page"}],"author":[{"embeddable":true,"href":"https:\/\/staging.firstsight.be\/fr\/wp-json\/wp\/v2\/users\/1"}],"replies":[{"embeddable":true,"href":"https:\/\/staging.firstsight.be\/fr\/wp-json\/wp\/v2\/comments?post=58"}],"version-history":[{"count":2,"href":"https:\/\/staging.firstsight.be\/fr\/wp-json\/wp\/v2\/pages\/58\/revisions"}],"predecessor-version":[{"id":98,"href":"https:\/\/staging.firstsight.be\/fr\/wp-json\/wp\/v2\/pages\/58\/revisions\/98"}],"wp:attachment":[{"href":"https:\/\/staging.firstsight.be\/fr\/wp-json\/wp\/v2\/media?parent=58"}],"curies":[{"name":"wp","href":"https:\/\/api.w.org\/{rel}","templated":true}]}}