{"id":61,"date":"2026-02-26T22:25:54","date_gmt":"2026-02-26T21:25:54","guid":{"rendered":"https:\/\/staging.firstsight.be\/?page_id=61"},"modified":"2026-03-23T20:15:54","modified_gmt":"2026-03-23T19:15:54","slug":"about","status":"publish","type":"page","link":"https:\/\/staging.firstsight.be\/fr\/about\/","title":{"rendered":"Le visage derri\u00e8re First Sight"},"content":{"rendered":"\r\n<p>Je suis Aur\u00e9lie Mbiye-Mujinga, enchant\u00e9e ! Je suis la cr\u00e9atrice de First Sight, une entreprise fond\u00e9e en 2025.<br \/>Je puise mon \u00e9nergie dans la cr\u00e9ation et la concr\u00e9tisation d&#8217;id\u00e9es.<br \/>Ce qui me d\u00e9finit\u00a0? Un sens aigu de l&#8217;atmosph\u00e8re, le souci du d\u00e9tail et une volont\u00e9 constante de cr\u00e9er quelque chose d&#8217;unique.<\/p>\r\n\r\n\r\n\r\n<p>Forte d&#8217;une formation en design et textile et de plusieurs ann\u00e9es d&#8217;exp\u00e9rience dans la vente au sein de l&#8217;industrie de la mode de luxe, j&#8217;ai toujours \u00e9t\u00e9 passionn\u00e9e par l&#8217;esth\u00e9tique, le d\u00e9tail et la cr\u00e9ation d&#8217;exp\u00e9riences m\u00e9morables.<\/p>\r\n\r\n\r\n\r\n<p>Au fil des ans, mes amis et ma famille m&#8217;ont souvent sollicit\u00e9e pour la d\u00e9coration de leurs \u00e9v\u00e9nements. Ce qui a commenc\u00e9 comme une simple passion est rapidement devenu quelque chose que je souhaitais partager \u00e0 plus grande \u00e9chelle. Cela m&#8217;a inspir\u00e9e \u00e0 cr\u00e9er ma propre entreprise de d\u00e9coration \u00e9v\u00e9nementielle.<\/p>\r\n\r\n\r\n\r\n<p>De l&#8217;id\u00e9e initiale aux finitions : je transforme les id\u00e9es en un ensemble visuel harmonieux. J&#8217;adore travailler les couleurs, les mati\u00e8res et les compositions pour cr\u00e9er l&#8217;atmosph\u00e8re parfaite, que ce soit pour un moment intime ou un \u00e9v\u00e9nement plus important.<\/p>\r\n\r\n\r\n<p>Pour moi, il ne s&#8217;agit pas seulement de d\u00e9coration, mais d&#8217;une exp\u00e9rience. Chaque projet est une occasion de cr\u00e9er quelque chose d&#8217;unique qui touche les gens et reste grav\u00e9 dans leur m\u00e9moire.<\/p>\r\n\r\n\r\n<!-- \/wp:post-content -->\r\n<p>First Sight, o\u00f9 les moments prennent forme et l&#8217;atmosph\u00e8re s&#8217;anime.<\/p>\r\n<!-- \/wp:paragraph -->\r\n\r\n<!-- wp:paragraph -->\r\n<p>N&#8217;h\u00e9sitez pas \u00e0 me contacter si vous souhaitez plus d&#8217;informations, de l&#8217;aide pour votre projet ou simplement me dire bonjour \u00e0 l&#8217;adresse <a href=\"mailto:hello@firstsight.be\">hello@firstsight.be<\/a>.<\/p>\r\n<!-- \/wp:paragraph -->","protected":false},"excerpt":{"rendered":"<p>Je suis Aur\u00e9lie Mbiye-Mujinga, enchant\u00e9e ! Je suis la cr\u00e9atrice de First Sight, une entreprise fond\u00e9e en 2025.Je puise mon \u00e9nergie dans la cr\u00e9ation et la concr\u00e9tisation d&#8217;id\u00e9es.Ce qui me d\u00e9finit\u00a0? Un sens aigu de l&#8217;atmosph\u00e8re, le souci du d\u00e9tail et une volont\u00e9 constante de cr\u00e9er quelque chose d&#8217;unique. Forte d&#8217;une formation en design et [&hellip;]<\/p>\n","protected":false},"author":1,"featured_media":0,"parent":0,"menu_order":0,"comment_status":"closed","ping_status":"closed","template":"","meta":{"footnotes":""},"class_list":["post-61","page","type-page","status-publish","hentry"],"yoast_head":"<!-- This site is optimized with the Yoast SEO plugin v27.3 - https:\/\/yoast.com\/product\/yoast-seo-wordpress\/ -->\n<title>Le visage derri\u00e8re First Sight<\/title>\n<meta name=\"description\" content=\"Je suis Aur\u00e9lie Mbiye-Mujinga, enchant\u00e9e ! Je suis la cr\u00e9atrice de First Sight, une entreprise fond\u00e9e en 2025.Je puise mon \u00e9nergie dans la cr\u00e9ation et la concr\u00e9tisation d&#039;id\u00e9es.Ce qui me d\u00e9finit\u00a0? Un sens aigu de l&#039;atmosph\u00e8re, le souci du d\u00e9tail et une volont\u00e9 constante de cr\u00e9er quelque chose d&#039;unique. Forte d&#039;une formation en design et&hellip;\" \/>\n<meta name=\"robots\" content=\"index, follow, max-snippet:-1, max-image-preview:large, max-video-preview:-1\" \/>\n<link rel=\"canonical\" href=\"http:\/\/Je%20suis%20Aur\u00e9lie%20Mbiye-Mujinga,%20enchant\u00e9e%20!%20Je%20suis%20la%20cr\u00e9atrice%20de%20First%20Sight,%20une%20entreprise%20fond\u00e9e%20en%202025.Je%20puise%20mon%20\u00e9nergie%20dans%20la%20cr\u00e9ation%20et%20la%20concr\u00e9tisation%20d'id\u00e9es.Ce%20qui%20me%20d\u00e9finit\u00a0?%20Un%20sens%20aigu%20de%20l'atmosph\u00e8re,%20le%20souci%20du%20d\u00e9tail%20et%20une%20volont\u00e9%20constante%20de%20cr\u00e9er%20quelque%20chose%20d'unique.%20Forte%20d'une%20formation%20en%20design%20et&hellip;\" \/>\n<meta property=\"og:locale\" content=\"fr_FR\" \/>\n<meta property=\"og:type\" content=\"article\" \/>\n<meta property=\"og:title\" content=\"Le visage derri\u00e8re First Sight\" \/>\n<meta property=\"og:description\" content=\"Je suis Aur\u00e9lie Mbiye-Mujinga, enchant\u00e9e ! Je suis la cr\u00e9atrice de First Sight, une entreprise fond\u00e9e en 2025.Je puise mon \u00e9nergie dans la cr\u00e9ation et la concr\u00e9tisation d&#039;id\u00e9es.Ce qui me d\u00e9finit\u00a0? Un sens aigu de l&#039;atmosph\u00e8re, le souci du d\u00e9tail et une volont\u00e9 constante de cr\u00e9er quelque chose d&#039;unique. Forte d&#039;une formation en design et&hellip;\" \/>\n<meta property=\"og:url\" content=\"https:\/\/staging.firstsight.be\/fr\/about\/\" \/>\n<meta property=\"og:site_name\" content=\"First Sight\" \/>\n<meta property=\"article:publisher\" content=\"https:\/\/www.facebook.com\/firstsight.be\" \/>\n<meta property=\"article:modified_time\" content=\"2026-03-23T19:15:54+00:00\" \/>\n<meta name=\"twitter:card\" content=\"summary_large_image\" \/>\n<meta name=\"twitter:label1\" content=\"Dur\u00e9e de lecture est.\" \/>\n\t<meta name=\"twitter:data1\" content=\"1 minute\" \/>\n<script type=\"application\/ld+json\" class=\"yoast-schema-graph\">{\"@context\":\"https:\\\/\\\/schema.org\",\"@graph\":[{\"@type\":\"WebPage\",\"@id\":\"https:\\\/\\\/staging.firstsight.be\\\/fr\\\/about\\\/\",\"url\":\"https:\\\/\\\/staging.firstsight.be\\\/fr\\\/about\\\/\",\"name\":\"The face behind First Sight - First Sight\",\"isPartOf\":{\"@id\":\"https:\\\/\\\/staging.firstsight.be\\\/en\\\/#website\"},\"datePublished\":\"2026-02-26T21:25:54+00:00\",\"dateModified\":\"2026-03-23T19:15:54+00:00\",\"description\":\"First Sight is conceived in 2025 by Aur\u00e9lie Mbiye-Mujinga. Our goal is to deliver memorable events to fall in love with.\",\"breadcrumb\":{\"@id\":\"https:\\\/\\\/staging.firstsight.be\\\/fr\\\/about\\\/#breadcrumb\"},\"inLanguage\":\"fr-BE\",\"potentialAction\":[{\"@type\":\"ReadAction\",\"target\":[\"https:\\\/\\\/staging.firstsight.be\\\/fr\\\/about\\\/\"]}]},{\"@type\":\"BreadcrumbList\",\"@id\":\"https:\\\/\\\/staging.firstsight.be\\\/fr\\\/about\\\/#breadcrumb\",\"itemListElement\":[{\"@type\":\"ListItem\",\"position\":1,\"name\":\"Home\",\"item\":\"https:\\\/\\\/staging.firstsight.be\\\/en\\\/\"},{\"@type\":\"ListItem\",\"position\":2,\"name\":\"Le visage derri\u00e8re First Sight\"}]},{\"@type\":\"WebSite\",\"@id\":\"https:\\\/\\\/staging.firstsight.be\\\/fr\\\/en\\\/#website\",\"url\":\"https:\\\/\\\/staging.firstsight.be\\\/fr\\\/en\\\/\",\"name\":\"First Sight - Event Decorations\",\"description\":\"Event Decorations\",\"publisher\":{\"@id\":\"https:\\\/\\\/staging.firstsight.be\\\/fr\\\/en\\\/#organization\"},\"potentialAction\":[{\"@type\":\"SearchAction\",\"target\":{\"@type\":\"EntryPoint\",\"urlTemplate\":\"https:\\\/\\\/staging.firstsight.be\\\/fr\\\/en\\\/?s={search_term_string}\"},\"query-input\":{\"@type\":\"PropertyValueSpecification\",\"valueRequired\":true,\"valueName\":\"search_term_string\"}}],\"inLanguage\":\"fr-BE\"},{\"@type\":\"Organization\",\"@id\":\"https:\\\/\\\/staging.firstsight.be\\\/fr\\\/en\\\/#organization\",\"name\":\"First Sight\",\"url\":\"https:\\\/\\\/staging.firstsight.be\\\/fr\\\/en\\\/\",\"logo\":{\"@type\":\"ImageObject\",\"inLanguage\":\"fr-BE\",\"@id\":\"https:\\\/\\\/staging.firstsight.be\\\/fr\\\/en\\\/#\\\/schema\\\/logo\\\/image\\\/\",\"url\":\"https:\\\/\\\/staging.firstsight.be\\\/wp-content\\\/uploads\\\/2026\\\/03\\\/fs-logo-2.png\",\"contentUrl\":\"https:\\\/\\\/staging.firstsight.be\\\/wp-content\\\/uploads\\\/2026\\\/03\\\/fs-logo-2.png\",\"width\":867,\"height\":264,\"caption\":\"First Sight\"},\"image\":{\"@id\":\"https:\\\/\\\/staging.firstsight.be\\\/fr\\\/en\\\/#\\\/schema\\\/logo\\\/image\\\/\"},\"sameAs\":[\"https:\\\/\\\/www.facebook.com\\\/firstsight.be\"]}]}<\/script>\n<!-- \/ Yoast SEO plugin. -->","yoast_head_json":{"title":"Le visage derri\u00e8re First Sight","description":"Je suis Aur\u00e9lie Mbiye-Mujinga, enchant\u00e9e ! Je suis la cr\u00e9atrice de First Sight, une entreprise fond\u00e9e en 2025.Je puise mon \u00e9nergie dans la cr\u00e9ation et la concr\u00e9tisation d'id\u00e9es.Ce qui me d\u00e9finit\u00a0? Un sens aigu de l'atmosph\u00e8re, le souci du d\u00e9tail et une volont\u00e9 constante de cr\u00e9er quelque chose d'unique. Forte d'une formation en design et&hellip;","robots":{"index":"index","follow":"follow","max-snippet":"max-snippet:-1","max-image-preview":"max-image-preview:large","max-video-preview":"max-video-preview:-1"},"canonical":"Je suis Aur\u00e9lie Mbiye-Mujinga, enchant\u00e9e ! Je suis la cr\u00e9atrice de First Sight, une entreprise fond\u00e9e en 2025.Je puise mon \u00e9nergie dans la cr\u00e9ation et la concr\u00e9tisation d'id\u00e9es.Ce qui me d\u00e9finit\u00a0? Un sens aigu de l'atmosph\u00e8re, le souci du d\u00e9tail et une volont\u00e9 constante de cr\u00e9er quelque chose d'unique. Forte d'une formation en design et&hellip;","og_locale":"fr_FR","og_type":"article","og_title":"Le visage derri\u00e8re First Sight","og_description":"Je suis Aur\u00e9lie Mbiye-Mujinga, enchant\u00e9e ! Je suis la cr\u00e9atrice de First Sight, une entreprise fond\u00e9e en 2025.Je puise mon \u00e9nergie dans la cr\u00e9ation et la concr\u00e9tisation d'id\u00e9es.Ce qui me d\u00e9finit\u00a0? Un sens aigu de l'atmosph\u00e8re, le souci du d\u00e9tail et une volont\u00e9 constante de cr\u00e9er quelque chose d'unique. Forte d'une formation en design et&hellip;","og_url":"https:\/\/staging.firstsight.be\/fr\/about\/","og_site_name":"First Sight","article_publisher":"https:\/\/www.facebook.com\/firstsight.be","article_modified_time":"2026-03-23T19:15:54+00:00","twitter_card":"summary_large_image","twitter_misc":{"Dur\u00e9e de lecture est.":"1 minute"},"schema":{"@context":"https:\/\/schema.org","@graph":[{"@type":"WebPage","@id":"https:\/\/staging.firstsight.be\/fr\/about\/","url":"https:\/\/staging.firstsight.be\/fr\/about\/","name":"The face behind First Sight - First Sight","isPartOf":{"@id":"https:\/\/staging.firstsight.be\/en\/#website"},"datePublished":"2026-02-26T21:25:54+00:00","dateModified":"2026-03-23T19:15:54+00:00","description":"First Sight is conceived in 2025 by Aur\u00e9lie Mbiye-Mujinga. Our goal is to deliver memorable events to fall in love with.","breadcrumb":{"@id":"https:\/\/staging.firstsight.be\/fr\/about\/#breadcrumb"},"inLanguage":"fr-BE","potentialAction":[{"@type":"ReadAction","target":["https:\/\/staging.firstsight.be\/fr\/about\/"]}]},{"@type":"BreadcrumbList","@id":"https:\/\/staging.firstsight.be\/fr\/about\/#breadcrumb","itemListElement":[{"@type":"ListItem","position":1,"name":"Home","item":"https:\/\/staging.firstsight.be\/en\/"},{"@type":"ListItem","position":2,"name":"Le visage derri\u00e8re First Sight"}]},{"@type":"WebSite","@id":"https:\/\/staging.firstsight.be\/fr\/en\/#website","url":"https:\/\/staging.firstsight.be\/fr\/en\/","name":"First Sight - Event Decorations","description":"Event Decorations","publisher":{"@id":"https:\/\/staging.firstsight.be\/fr\/en\/#organization"},"potentialAction":[{"@type":"SearchAction","target":{"@type":"EntryPoint","urlTemplate":"https:\/\/staging.firstsight.be\/fr\/en\/?s={search_term_string}"},"query-input":{"@type":"PropertyValueSpecification","valueRequired":true,"valueName":"search_term_string"}}],"inLanguage":"fr-BE"},{"@type":"Organization","@id":"https:\/\/staging.firstsight.be\/fr\/en\/#organization","name":"First Sight","url":"https:\/\/staging.firstsight.be\/fr\/en\/","logo":{"@type":"ImageObject","inLanguage":"fr-BE","@id":"https:\/\/staging.firstsight.be\/fr\/en\/#\/schema\/logo\/image\/","url":"https:\/\/staging.firstsight.be\/wp-content\/uploads\/2026\/03\/fs-logo-2.png","contentUrl":"https:\/\/staging.firstsight.be\/wp-content\/uploads\/2026\/03\/fs-logo-2.png","width":867,"height":264,"caption":"First Sight"},"image":{"@id":"https:\/\/staging.firstsight.be\/fr\/en\/#\/schema\/logo\/image\/"},"sameAs":["https:\/\/www.facebook.com\/firstsight.be"]}]}},"_hostinger_reach_plugin_has_subscription_block":false,"_hostinger_reach_plugin_is_elementor":false,"_links":{"self":[{"href":"https:\/\/staging.firstsight.be\/fr\/wp-json\/wp\/v2\/pages\/61","targetHints":{"allow":["GET"]}}],"collection":[{"href":"https:\/\/staging.firstsight.be\/fr\/wp-json\/wp\/v2\/pages"}],"about":[{"href":"https:\/\/staging.firstsight.be\/fr\/wp-json\/wp\/v2\/types\/page"}],"author":[{"embeddable":true,"href":"https:\/\/staging.firstsight.be\/fr\/wp-json\/wp\/v2\/users\/1"}],"replies":[{"embeddable":true,"href":"https:\/\/staging.firstsight.be\/fr\/wp-json\/wp\/v2\/comments?post=61"}],"version-history":[{"count":7,"href":"https:\/\/staging.firstsight.be\/fr\/wp-json\/wp\/v2\/pages\/61\/revisions"}],"predecessor-version":[{"id":142,"href":"https:\/\/staging.firstsight.be\/fr\/wp-json\/wp\/v2\/pages\/61\/revisions\/142"}],"wp:attachment":[{"href":"https:\/\/staging.firstsight.be\/fr\/wp-json\/wp\/v2\/media?parent=61"}],"curies":[{"name":"wp","href":"https:\/\/api.w.org\/{rel}","templated":true}]}}