{"id":66,"date":"2026-02-26T22:40:53","date_gmt":"2026-02-26T21:40:53","guid":{"rendered":"https:\/\/staging.firstsight.be\/?page_id=66"},"modified":"2026-03-09T12:17:50","modified_gmt":"2026-03-09T11:17:50","slug":"business-events","status":"publish","type":"page","link":"https:\/\/staging.firstsight.be\/fr\/business-events\/","title":{"rendered":"\u00c9v\u00e9nements d'entreprise"},"content":{"rendered":"\r\n<h2 class=\"wp-block-heading\">Sublimez votre marque gr\u00e2ce \u00e0 une sc\u00e9nographie \u00e9v\u00e9nementielle d&#8217;exception<\/h2>\r\n\r\n\r\n\r\n<p>Dans le monde des affaires, la pr\u00e9sentation est primordiale. Une ambiance soign\u00e9e ne se contente pas d&#8217;impressionner, elle communique l&#8217;identit\u00e9, les valeurs et la vision de votre marque. Forts de notre exp\u00e9rience en sc\u00e9nographie \u00e9v\u00e9nementielle, nous cr\u00e9ons des environnements raffin\u00e9s et percutants qui rehaussent vos r\u00e9unions d&#8217;entreprise et laissent une impression durable.<\/p>\r\n\r\n\r\n\r\n<p>Que ce soit pour le lancement d&#8217;un nouveau produit, la c\u00e9l\u00e9bration de vos \u00e9quipes ou la r\u00e9novation de vos espaces de travail, nous concevons des espaces \u00e0 la fois intentionnels, \u00e9l\u00e9gants et fid\u00e8les \u00e0 votre image de marque.<\/p>\r\n\r\n\r\n\r\n<h2 class=\"wp-block-heading\"><strong>Lancement de produit<\/strong><\/h2>\r\n\r\n\r\n\r\n<p>Un lancement de produit est bien plus qu&#8217;une simple pr\u00e9sentation: c&#8217;est une affirmation.<\/p>\r\n\r\n\r\n\r\n<p>Nous cr\u00e9ons des environnements visuellement captivants qui suscitent l&#8217;enthousiasme, mettent en valeur votre produit et renforcent la pr\u00e9sence de votre marque. Des d\u00e9cors personnalis\u00e9s aux installations sur mesure, en passant par un \u00e9clairage d&#8217;ambiance et des dispositifs immersifs, chaque d\u00e9tail est soigneusement pens\u00e9 pour garantir un lancement inoubliable.<\/p>\r\n\r\n\r\n\r\n<p>Notre objectif est de cr\u00e9er un espace qui non seulement met en valeur votre produit, mais encourage \u00e9galement l&#8217;interaction, la photographie et le partage sur les r\u00e9seaux sociaux, \u00e9tendant ainsi la port\u00e9e de votre \u00e9v\u00e9nement bien au-del\u00e0 de la salle.<\/p>\r\n\r\n\r\n\r\n<p>Vous pouvez retrouver un exemple ici: <a id=\"120\" href=\"\/gallery\/event-decoration-for-a-beauty-stand-in-brussels\/\" type=\"gallery\">Skinoutlet (stand de beaut\u00e9) \u00e0 Bruxelles<\/a><\/p>\r\n\r\n\r\n\r\n<h2 class=\"wp-block-heading\"><strong>\u00c9v\u00e9nements d\u2019entreprise\/de r\u00e9seautage<\/strong><\/h2>\r\n\r\n\r\n\r\n<p>Les entreprises performantes reposent sur des relations solides. Que vous c\u00e9l\u00e9briez les succ\u00e8s de votre \u00e9quipe ou organisiez un \u00e9v\u00e9nement de r\u00e9seautage, nous concevons des espaces \u00e9l\u00e9gants et accueillants qui favorisent les \u00e9changes et les rencontres.<\/p>\r\n\r\n\r\n\r\n<p>Des cocktails raffin\u00e9s aux d\u00e9cors th\u00e9matiques, en passant par des espaces lounge sophistiqu\u00e9s et des \u00e9l\u00e9ments de marque, nous cr\u00e9ons une atmosph\u00e8re \u00e0 la fois professionnelle et conviviale.<\/p>\r\n\r\n\r\n\r\n<p>Le r\u00e9sultat?<br \/>Un \u00e9v\u00e9nement qui refl\u00e8te la culture de votre entreprise et qui permet \u00e0 vos invit\u00e9s de se sentir valoris\u00e9s et inspir\u00e9s.<\/p>\r\n\r\n\r\n\r\n<h2 class=\"wp-block-heading\"><strong>Am\u00e9nagement de bureaux<\/strong><\/h2>\r\n\r\n\r\n\r\n<p>Votre espace de travail en dit long sur votre marque. Un am\u00e9nagement soign\u00e9 am\u00e9liore la productivit\u00e9, renforce le moral et cr\u00e9e une impression accueillante pour vos clients et visiteurs.<\/p>\r\n\r\n\r\n\r\n<p>Nous am\u00e9nageons vos bureaux pour les mises \u00e0 jour saisonni\u00e8res, les \u00e9v\u00e9nements d\u2019entreprise sp\u00e9ciaux, les activations de marque et les am\u00e9liorations esth\u00e9tiques permanentes. Qu\u2019il s\u2019agisse d\u2019une transformation festive, d\u2019une r\u00e9novation moderne ou d\u2019un d\u00e9cor de marque coh\u00e9rent, nous veillons \u00e0 ce que votre espace soit en parfaite harmonie avec l\u2019identit\u00e9 visuelle de votre entreprise.<\/p>\r\n","protected":false},"excerpt":{"rendered":"<p>Sublimez votre marque gr\u00e2ce \u00e0 une sc\u00e9nographie \u00e9v\u00e9nementielle d&#8217;exception Dans le monde des affaires, la pr\u00e9sentation est primordiale. Une ambiance soign\u00e9e ne se contente pas d&#8217;impressionner, elle communique l&#8217;identit\u00e9, les valeurs et la vision de votre marque. Forts de notre exp\u00e9rience en sc\u00e9nographie \u00e9v\u00e9nementielle, nous cr\u00e9ons des environnements raffin\u00e9s et percutants qui rehaussent vos r\u00e9unions [&hellip;]<\/p>\n","protected":false},"author":1,"featured_media":0,"parent":0,"menu_order":0,"comment_status":"closed","ping_status":"closed","template":"","meta":{"footnotes":""},"class_list":["post-66","page","type-page","status-publish","hentry"],"yoast_head":"<!-- This site is optimized with the Yoast SEO plugin v27.3 - https:\/\/yoast.com\/product\/yoast-seo-wordpress\/ -->\n<title>\u00c9v\u00e9nements d&#039;entreprise<\/title>\n<meta name=\"description\" content=\"Sublimez votre marque gr\u00e2ce \u00e0 une sc\u00e9nographie \u00e9v\u00e9nementielle d&#039;exception Dans le monde des affaires, la pr\u00e9sentation est primordiale. Une ambiance soign\u00e9e ne se contente pas d&#039;impressionner, elle communique l&#039;identit\u00e9, les valeurs et la vision de votre marque. Forts de notre exp\u00e9rience en sc\u00e9nographie \u00e9v\u00e9nementielle, nous cr\u00e9ons des environnements raffin\u00e9s et percutants qui rehaussent vos r\u00e9unions&hellip;\" \/>\n<meta name=\"robots\" content=\"index, follow, max-snippet:-1, max-image-preview:large, max-video-preview:-1\" \/>\n<link rel=\"canonical\" href=\"http:\/\/Sublimez%20votre%20marque%20gr\u00e2ce%20\u00e0%20une%20sc\u00e9nographie%20\u00e9v\u00e9nementielle%20d'exception%20Dans%20le%20monde%20des%20affaires,%20la%20pr\u00e9sentation%20est%20primordiale.%20Une%20ambiance%20soign\u00e9e%20ne%20se%20contente%20pas%20d'impressionner,%20elle%20communique%20l'identit\u00e9,%20les%20valeurs%20et%20la%20vision%20de%20votre%20marque.%20Forts%20de%20notre%20exp\u00e9rience%20en%20sc\u00e9nographie%20\u00e9v\u00e9nementielle,%20nous%20cr\u00e9ons%20des%20environnements%20raffin\u00e9s%20et%20percutants%20qui%20rehaussent%20vos%20r\u00e9unions&hellip;\" \/>\n<meta property=\"og:locale\" content=\"fr_FR\" \/>\n<meta property=\"og:type\" content=\"article\" \/>\n<meta property=\"og:title\" content=\"\u00c9v\u00e9nements d&#039;entreprise\" \/>\n<meta property=\"og:description\" content=\"Sublimez votre marque gr\u00e2ce \u00e0 une sc\u00e9nographie \u00e9v\u00e9nementielle d&#039;exception Dans le monde des affaires, la pr\u00e9sentation est primordiale. Une ambiance soign\u00e9e ne se contente pas d&#039;impressionner, elle communique l&#039;identit\u00e9, les valeurs et la vision de votre marque. Forts de notre exp\u00e9rience en sc\u00e9nographie \u00e9v\u00e9nementielle, nous cr\u00e9ons des environnements raffin\u00e9s et percutants qui rehaussent vos r\u00e9unions&hellip;\" \/>\n<meta property=\"og:url\" content=\"https:\/\/staging.firstsight.be\/fr\/business-events\/\" \/>\n<meta property=\"og:site_name\" content=\"First Sight\" \/>\n<meta property=\"article:publisher\" content=\"https:\/\/www.facebook.com\/firstsight.be\" \/>\n<meta property=\"article:modified_time\" content=\"2026-03-09T11:17:50+00:00\" \/>\n<meta name=\"twitter:card\" content=\"summary_large_image\" \/>\n<meta name=\"twitter:label1\" content=\"Dur\u00e9e de lecture est.\" \/>\n\t<meta name=\"twitter:data1\" content=\"2 minutes\" \/>\n<script type=\"application\/ld+json\" class=\"yoast-schema-graph\">{\"@context\":\"https:\\\/\\\/schema.org\",\"@graph\":[{\"@type\":\"WebPage\",\"@id\":\"https:\\\/\\\/staging.firstsight.be\\\/fr\\\/business-events\\\/\",\"url\":\"https:\\\/\\\/staging.firstsight.be\\\/fr\\\/business-events\\\/\",\"name\":\"Business Events - First Sight\",\"isPartOf\":{\"@id\":\"https:\\\/\\\/staging.firstsight.be\\\/en\\\/#website\"},\"datePublished\":\"2026-02-26T21:40:53+00:00\",\"dateModified\":\"2026-03-09T11:17:50+00:00\",\"description\":\"In the business world, presentation is everything. Our event styling helps your marketing team to reach the top.\",\"breadcrumb\":{\"@id\":\"https:\\\/\\\/staging.firstsight.be\\\/fr\\\/business-events\\\/#breadcrumb\"},\"inLanguage\":\"fr-BE\",\"potentialAction\":[{\"@type\":\"ReadAction\",\"target\":[\"https:\\\/\\\/staging.firstsight.be\\\/fr\\\/business-events\\\/\"]}]},{\"@type\":\"BreadcrumbList\",\"@id\":\"https:\\\/\\\/staging.firstsight.be\\\/fr\\\/business-events\\\/#breadcrumb\",\"itemListElement\":[{\"@type\":\"ListItem\",\"position\":1,\"name\":\"Home\",\"item\":\"https:\\\/\\\/staging.firstsight.be\\\/en\\\/\"},{\"@type\":\"ListItem\",\"position\":2,\"name\":\"\u00c9v\u00e9nements d'entreprise\"}]},{\"@type\":\"WebSite\",\"@id\":\"https:\\\/\\\/staging.firstsight.be\\\/fr\\\/en\\\/#website\",\"url\":\"https:\\\/\\\/staging.firstsight.be\\\/fr\\\/en\\\/\",\"name\":\"First Sight - Event Decorations\",\"description\":\"Event Decorations\",\"publisher\":{\"@id\":\"https:\\\/\\\/staging.firstsight.be\\\/fr\\\/en\\\/#organization\"},\"potentialAction\":[{\"@type\":\"SearchAction\",\"target\":{\"@type\":\"EntryPoint\",\"urlTemplate\":\"https:\\\/\\\/staging.firstsight.be\\\/fr\\\/en\\\/?s={search_term_string}\"},\"query-input\":{\"@type\":\"PropertyValueSpecification\",\"valueRequired\":true,\"valueName\":\"search_term_string\"}}],\"inLanguage\":\"fr-BE\"},{\"@type\":\"Organization\",\"@id\":\"https:\\\/\\\/staging.firstsight.be\\\/fr\\\/en\\\/#organization\",\"name\":\"First Sight\",\"url\":\"https:\\\/\\\/staging.firstsight.be\\\/fr\\\/en\\\/\",\"logo\":{\"@type\":\"ImageObject\",\"inLanguage\":\"fr-BE\",\"@id\":\"https:\\\/\\\/staging.firstsight.be\\\/fr\\\/en\\\/#\\\/schema\\\/logo\\\/image\\\/\",\"url\":\"https:\\\/\\\/staging.firstsight.be\\\/wp-content\\\/uploads\\\/2026\\\/03\\\/fs-logo-2.png\",\"contentUrl\":\"https:\\\/\\\/staging.firstsight.be\\\/wp-content\\\/uploads\\\/2026\\\/03\\\/fs-logo-2.png\",\"width\":867,\"height\":264,\"caption\":\"First Sight\"},\"image\":{\"@id\":\"https:\\\/\\\/staging.firstsight.be\\\/fr\\\/en\\\/#\\\/schema\\\/logo\\\/image\\\/\"},\"sameAs\":[\"https:\\\/\\\/www.facebook.com\\\/firstsight.be\"]}]}<\/script>\n<!-- \/ Yoast SEO plugin. -->","yoast_head_json":{"title":"\u00c9v\u00e9nements d'entreprise","description":"Sublimez votre marque gr\u00e2ce \u00e0 une sc\u00e9nographie \u00e9v\u00e9nementielle d'exception Dans le monde des affaires, la pr\u00e9sentation est primordiale. Une ambiance soign\u00e9e ne se contente pas d'impressionner, elle communique l'identit\u00e9, les valeurs et la vision de votre marque. Forts de notre exp\u00e9rience en sc\u00e9nographie \u00e9v\u00e9nementielle, nous cr\u00e9ons des environnements raffin\u00e9s et percutants qui rehaussent vos r\u00e9unions&hellip;","robots":{"index":"index","follow":"follow","max-snippet":"max-snippet:-1","max-image-preview":"max-image-preview:large","max-video-preview":"max-video-preview:-1"},"canonical":"Sublimez votre marque gr\u00e2ce \u00e0 une sc\u00e9nographie \u00e9v\u00e9nementielle d'exception Dans le monde des affaires, la pr\u00e9sentation est primordiale. Une ambiance soign\u00e9e ne se contente pas d'impressionner, elle communique l'identit\u00e9, les valeurs et la vision de votre marque. Forts de notre exp\u00e9rience en sc\u00e9nographie \u00e9v\u00e9nementielle, nous cr\u00e9ons des environnements raffin\u00e9s et percutants qui rehaussent vos r\u00e9unions&hellip;","og_locale":"fr_FR","og_type":"article","og_title":"\u00c9v\u00e9nements d'entreprise","og_description":"Sublimez votre marque gr\u00e2ce \u00e0 une sc\u00e9nographie \u00e9v\u00e9nementielle d'exception Dans le monde des affaires, la pr\u00e9sentation est primordiale. Une ambiance soign\u00e9e ne se contente pas d'impressionner, elle communique l'identit\u00e9, les valeurs et la vision de votre marque. Forts de notre exp\u00e9rience en sc\u00e9nographie \u00e9v\u00e9nementielle, nous cr\u00e9ons des environnements raffin\u00e9s et percutants qui rehaussent vos r\u00e9unions&hellip;","og_url":"https:\/\/staging.firstsight.be\/fr\/business-events\/","og_site_name":"First Sight","article_publisher":"https:\/\/www.facebook.com\/firstsight.be","article_modified_time":"2026-03-09T11:17:50+00:00","twitter_card":"summary_large_image","twitter_misc":{"Dur\u00e9e de lecture est.":"2 minutes"},"schema":{"@context":"https:\/\/schema.org","@graph":[{"@type":"WebPage","@id":"https:\/\/staging.firstsight.be\/fr\/business-events\/","url":"https:\/\/staging.firstsight.be\/fr\/business-events\/","name":"Business Events - First Sight","isPartOf":{"@id":"https:\/\/staging.firstsight.be\/en\/#website"},"datePublished":"2026-02-26T21:40:53+00:00","dateModified":"2026-03-09T11:17:50+00:00","description":"In the business world, presentation is everything. Our event styling helps your marketing team to reach the top.","breadcrumb":{"@id":"https:\/\/staging.firstsight.be\/fr\/business-events\/#breadcrumb"},"inLanguage":"fr-BE","potentialAction":[{"@type":"ReadAction","target":["https:\/\/staging.firstsight.be\/fr\/business-events\/"]}]},{"@type":"BreadcrumbList","@id":"https:\/\/staging.firstsight.be\/fr\/business-events\/#breadcrumb","itemListElement":[{"@type":"ListItem","position":1,"name":"Home","item":"https:\/\/staging.firstsight.be\/en\/"},{"@type":"ListItem","position":2,"name":"\u00c9v\u00e9nements d'entreprise"}]},{"@type":"WebSite","@id":"https:\/\/staging.firstsight.be\/fr\/en\/#website","url":"https:\/\/staging.firstsight.be\/fr\/en\/","name":"First Sight - Event Decorations","description":"Event Decorations","publisher":{"@id":"https:\/\/staging.firstsight.be\/fr\/en\/#organization"},"potentialAction":[{"@type":"SearchAction","target":{"@type":"EntryPoint","urlTemplate":"https:\/\/staging.firstsight.be\/fr\/en\/?s={search_term_string}"},"query-input":{"@type":"PropertyValueSpecification","valueRequired":true,"valueName":"search_term_string"}}],"inLanguage":"fr-BE"},{"@type":"Organization","@id":"https:\/\/staging.firstsight.be\/fr\/en\/#organization","name":"First Sight","url":"https:\/\/staging.firstsight.be\/fr\/en\/","logo":{"@type":"ImageObject","inLanguage":"fr-BE","@id":"https:\/\/staging.firstsight.be\/fr\/en\/#\/schema\/logo\/image\/","url":"https:\/\/staging.firstsight.be\/wp-content\/uploads\/2026\/03\/fs-logo-2.png","contentUrl":"https:\/\/staging.firstsight.be\/wp-content\/uploads\/2026\/03\/fs-logo-2.png","width":867,"height":264,"caption":"First Sight"},"image":{"@id":"https:\/\/staging.firstsight.be\/fr\/en\/#\/schema\/logo\/image\/"},"sameAs":["https:\/\/www.facebook.com\/firstsight.be"]}]}},"_hostinger_reach_plugin_has_subscription_block":false,"_hostinger_reach_plugin_is_elementor":false,"_links":{"self":[{"href":"https:\/\/staging.firstsight.be\/fr\/wp-json\/wp\/v2\/pages\/66","targetHints":{"allow":["GET"]}}],"collection":[{"href":"https:\/\/staging.firstsight.be\/fr\/wp-json\/wp\/v2\/pages"}],"about":[{"href":"https:\/\/staging.firstsight.be\/fr\/wp-json\/wp\/v2\/types\/page"}],"author":[{"embeddable":true,"href":"https:\/\/staging.firstsight.be\/fr\/wp-json\/wp\/v2\/users\/1"}],"replies":[{"embeddable":true,"href":"https:\/\/staging.firstsight.be\/fr\/wp-json\/wp\/v2\/comments?post=66"}],"version-history":[{"count":5,"href":"https:\/\/staging.firstsight.be\/fr\/wp-json\/wp\/v2\/pages\/66\/revisions"}],"predecessor-version":[{"id":136,"href":"https:\/\/staging.firstsight.be\/fr\/wp-json\/wp\/v2\/pages\/66\/revisions\/136"}],"wp:attachment":[{"href":"https:\/\/staging.firstsight.be\/fr\/wp-json\/wp\/v2\/media?parent=66"}],"curies":[{"name":"wp","href":"https:\/\/api.w.org\/{rel}","templated":true}]}}