{"id":72,"date":"2026-02-26T22:52:17","date_gmt":"2026-02-26T21:52:17","guid":{"rendered":"https:\/\/staging.firstsight.be\/?page_id=72"},"modified":"2026-03-09T15:45:12","modified_gmt":"2026-03-09T14:45:12","slug":"how-to-start-your-project","status":"publish","type":"page","link":"https:\/\/staging.firstsight.be\/fr\/how-to-start-your-project\/","title":{"rendered":"Comment d\u00e9marrer votre projet ?"},"content":{"rendered":"\r\n<p>Chez <strong>First Sight<\/strong>, nous invitons nos clients \u00e0 cr\u00e9er leur mood board directement via notre <a href=\"https:\/\/studio.firstsight.be\/\" type=\"link\" id=\"https:\/\/studio.firstsight.be\/\">studio<\/a>.<\/p>\r\n\r\n\r\n\r\n<p>Cela vous permet de:<\/p>\r\n\r\n\r\n\r\n<ul class=\"wp-block-list\">\r\n<li>D\u00e9finir vos inspirations et pr\u00e9f\u00e9rences<\/li>\r\n\r\n\r\n\r\n<li>Structurer visuellement le concept de votre \u00e9v\u00e9nement<\/li>\r\n\r\n\r\n\r\n<li>Partager vos premi\u00e8res id\u00e9es avec nous<\/li>\r\n<\/ul>\r\n\r\n\r\n\r\n<p>L\u2019utilisation du mood board est gratuite pour les clients.<\/p>\r\n\r\n\r\n\r\n<p>Si vous avez d\u00e9j\u00e0 des plans ou d\u2019autres documents, vous pouvez \u00e9galement nous envoyer un e-mail directement \u00e0 hello@firstsight.be.<br \/><br \/>Apr\u00e8s l\u2019envoi de votre mood board ou de votre e-mail, nous vous contacterons sous 48&nbsp;heures maximum, par t\u00e9l\u00e9phone ou par e-mail, selon votre pr\u00e9f\u00e9rence et nos disponibilit\u00e9s.<br \/><br \/>Vous pouvez aussi utiliser notre outil de planification pour programmer votre premi\u00e8re rencontre.\/p>\r\n","protected":false},"excerpt":{"rendered":"<p>Chez First Sight, nous invitons nos clients \u00e0 cr\u00e9er leur mood board directement via notre studio. Cela vous permet de: D\u00e9finir vos inspirations et pr\u00e9f\u00e9rences Structurer visuellement le concept de votre \u00e9v\u00e9nement Partager vos premi\u00e8res id\u00e9es avec nous L\u2019utilisation du mood board est gratuite pour les clients. Si vous avez d\u00e9j\u00e0 des plans ou d\u2019autres [&hellip;]<\/p>\n","protected":false},"author":1,"featured_media":0,"parent":0,"menu_order":0,"comment_status":"closed","ping_status":"closed","template":"","meta":{"footnotes":""},"class_list":["post-72","page","type-page","status-publish","hentry"],"yoast_head":"<!-- This site is optimized with the Yoast SEO plugin v27.3 - https:\/\/yoast.com\/product\/yoast-seo-wordpress\/ -->\n<title>Comment d\u00e9marrer votre projet ?<\/title>\n<meta name=\"description\" content=\"Chez First Sight, nous invitons nos clients \u00e0 cr\u00e9er leur mood board directement via notre studio. Cela vous permet de: D\u00e9finir vos inspirations et pr\u00e9f\u00e9rences Structurer visuellement le concept de votre \u00e9v\u00e9nement Partager vos premi\u00e8res id\u00e9es avec nous L\u2019utilisation du mood board est gratuite pour les clients. Si vous avez d\u00e9j\u00e0 des plans ou d\u2019autres&hellip;\" \/>\n<meta name=\"robots\" content=\"index, follow, max-snippet:-1, max-image-preview:large, max-video-preview:-1\" \/>\n<link rel=\"canonical\" href=\"\" \/>\n<meta property=\"og:locale\" content=\"fr_FR\" \/>\n<meta property=\"og:type\" content=\"article\" \/>\n<meta property=\"og:title\" content=\"Comment d\u00e9marrer votre projet ?\" \/>\n<meta property=\"og:description\" content=\"Chez First Sight, nous invitons nos clients \u00e0 cr\u00e9er leur mood board directement via notre studio. Cela vous permet de: D\u00e9finir vos inspirations et pr\u00e9f\u00e9rences Structurer visuellement le concept de votre \u00e9v\u00e9nement Partager vos premi\u00e8res id\u00e9es avec nous L\u2019utilisation du mood board est gratuite pour les clients. Si vous avez d\u00e9j\u00e0 des plans ou d\u2019autres&hellip;\" \/>\n<meta property=\"og:url\" content=\"https:\/\/staging.firstsight.be\/fr\/how-to-start-your-project\/\" \/>\n<meta property=\"og:site_name\" content=\"First Sight\" \/>\n<meta property=\"article:publisher\" content=\"https:\/\/www.facebook.com\/firstsight.be\" \/>\n<meta property=\"article:modified_time\" content=\"2026-03-09T14:45:12+00:00\" \/>\n<meta name=\"twitter:card\" content=\"summary_large_image\" \/>\n<meta name=\"twitter:label1\" content=\"Dur\u00e9e de lecture est.\" \/>\n\t<meta name=\"twitter:data1\" content=\"1 minute\" \/>\n<script type=\"application\/ld+json\" class=\"yoast-schema-graph\">{\"@context\":\"https:\\\/\\\/schema.org\",\"@graph\":[{\"@type\":\"WebPage\",\"@id\":\"https:\\\/\\\/staging.firstsight.be\\\/fr\\\/how-to-start-your-project\\\/\",\"url\":\"https:\\\/\\\/staging.firstsight.be\\\/fr\\\/how-to-start-your-project\\\/\",\"name\":\"How to Start Your Project? - First Sight\",\"isPartOf\":{\"@id\":\"https:\\\/\\\/staging.firstsight.be\\\/en\\\/#website\"},\"datePublished\":\"2026-02-26T21:52:17+00:00\",\"dateModified\":\"2026-03-09T14:45:12+00:00\",\"description\":\"At First Sight, we invite clients to create their mood board directly via our free studio. It allows you to share your initial idea with us.\",\"breadcrumb\":{\"@id\":\"https:\\\/\\\/staging.firstsight.be\\\/fr\\\/how-to-start-your-project\\\/#breadcrumb\"},\"inLanguage\":\"fr-BE\",\"potentialAction\":[{\"@type\":\"ReadAction\",\"target\":[\"https:\\\/\\\/staging.firstsight.be\\\/fr\\\/how-to-start-your-project\\\/\"]}]},{\"@type\":\"BreadcrumbList\",\"@id\":\"https:\\\/\\\/staging.firstsight.be\\\/fr\\\/how-to-start-your-project\\\/#breadcrumb\",\"itemListElement\":[{\"@type\":\"ListItem\",\"position\":1,\"name\":\"Home\",\"item\":\"https:\\\/\\\/staging.firstsight.be\\\/en\\\/\"},{\"@type\":\"ListItem\",\"position\":2,\"name\":\"Comment d\u00e9marrer votre projet ?\"}]},{\"@type\":\"WebSite\",\"@id\":\"https:\\\/\\\/staging.firstsight.be\\\/fr\\\/en\\\/#website\",\"url\":\"https:\\\/\\\/staging.firstsight.be\\\/fr\\\/en\\\/\",\"name\":\"First Sight - Event Decorations\",\"description\":\"Event Decorations\",\"publisher\":{\"@id\":\"https:\\\/\\\/staging.firstsight.be\\\/fr\\\/en\\\/#organization\"},\"potentialAction\":[{\"@type\":\"SearchAction\",\"target\":{\"@type\":\"EntryPoint\",\"urlTemplate\":\"https:\\\/\\\/staging.firstsight.be\\\/fr\\\/en\\\/?s={search_term_string}\"},\"query-input\":{\"@type\":\"PropertyValueSpecification\",\"valueRequired\":true,\"valueName\":\"search_term_string\"}}],\"inLanguage\":\"fr-BE\"},{\"@type\":\"Organization\",\"@id\":\"https:\\\/\\\/staging.firstsight.be\\\/fr\\\/en\\\/#organization\",\"name\":\"First Sight\",\"url\":\"https:\\\/\\\/staging.firstsight.be\\\/fr\\\/en\\\/\",\"logo\":{\"@type\":\"ImageObject\",\"inLanguage\":\"fr-BE\",\"@id\":\"https:\\\/\\\/staging.firstsight.be\\\/fr\\\/en\\\/#\\\/schema\\\/logo\\\/image\\\/\",\"url\":\"https:\\\/\\\/staging.firstsight.be\\\/wp-content\\\/uploads\\\/2026\\\/03\\\/fs-logo-2.png\",\"contentUrl\":\"https:\\\/\\\/staging.firstsight.be\\\/wp-content\\\/uploads\\\/2026\\\/03\\\/fs-logo-2.png\",\"width\":867,\"height\":264,\"caption\":\"First Sight\"},\"image\":{\"@id\":\"https:\\\/\\\/staging.firstsight.be\\\/fr\\\/en\\\/#\\\/schema\\\/logo\\\/image\\\/\"},\"sameAs\":[\"https:\\\/\\\/www.facebook.com\\\/firstsight.be\"]}]}<\/script>\n<!-- \/ Yoast SEO plugin. -->","yoast_head_json":{"title":"Comment d\u00e9marrer votre projet ?","description":"Chez First Sight, nous invitons nos clients \u00e0 cr\u00e9er leur mood board directement via notre studio. Cela vous permet de: D\u00e9finir vos inspirations et pr\u00e9f\u00e9rences Structurer visuellement le concept de votre \u00e9v\u00e9nement Partager vos premi\u00e8res id\u00e9es avec nous L\u2019utilisation du mood board est gratuite pour les clients. Si vous avez d\u00e9j\u00e0 des plans ou d\u2019autres&hellip;","robots":{"index":"index","follow":"follow","max-snippet":"max-snippet:-1","max-image-preview":"max-image-preview:large","max-video-preview":"max-video-preview:-1"},"canonical":"Chez First Sight, nous invitons nos clients \u00e0 cr\u00e9er leur mood board directement via notre studio. Cela vous permet de: D\u00e9finir vos inspirations et pr\u00e9f\u00e9rences Structurer visuellement le concept de votre \u00e9v\u00e9nement Partager vos premi\u00e8res id\u00e9es avec nous L\u2019utilisation du mood board est gratuite pour les clients. Si vous avez d\u00e9j\u00e0 des plans ou d\u2019autres&hellip;","og_locale":"fr_FR","og_type":"article","og_title":"Comment d\u00e9marrer votre projet ?","og_description":"Chez First Sight, nous invitons nos clients \u00e0 cr\u00e9er leur mood board directement via notre studio. Cela vous permet de: D\u00e9finir vos inspirations et pr\u00e9f\u00e9rences Structurer visuellement le concept de votre \u00e9v\u00e9nement Partager vos premi\u00e8res id\u00e9es avec nous L\u2019utilisation du mood board est gratuite pour les clients. Si vous avez d\u00e9j\u00e0 des plans ou d\u2019autres&hellip;","og_url":"https:\/\/staging.firstsight.be\/fr\/how-to-start-your-project\/","og_site_name":"First Sight","article_publisher":"https:\/\/www.facebook.com\/firstsight.be","article_modified_time":"2026-03-09T14:45:12+00:00","twitter_card":"summary_large_image","twitter_misc":{"Dur\u00e9e de lecture est.":"1 minute"},"schema":{"@context":"https:\/\/schema.org","@graph":[{"@type":"WebPage","@id":"https:\/\/staging.firstsight.be\/fr\/how-to-start-your-project\/","url":"https:\/\/staging.firstsight.be\/fr\/how-to-start-your-project\/","name":"How to Start Your Project? - First Sight","isPartOf":{"@id":"https:\/\/staging.firstsight.be\/en\/#website"},"datePublished":"2026-02-26T21:52:17+00:00","dateModified":"2026-03-09T14:45:12+00:00","description":"At First Sight, we invite clients to create their mood board directly via our free studio. It allows you to share your initial idea with us.","breadcrumb":{"@id":"https:\/\/staging.firstsight.be\/fr\/how-to-start-your-project\/#breadcrumb"},"inLanguage":"fr-BE","potentialAction":[{"@type":"ReadAction","target":["https:\/\/staging.firstsight.be\/fr\/how-to-start-your-project\/"]}]},{"@type":"BreadcrumbList","@id":"https:\/\/staging.firstsight.be\/fr\/how-to-start-your-project\/#breadcrumb","itemListElement":[{"@type":"ListItem","position":1,"name":"Home","item":"https:\/\/staging.firstsight.be\/en\/"},{"@type":"ListItem","position":2,"name":"Comment d\u00e9marrer votre projet ?"}]},{"@type":"WebSite","@id":"https:\/\/staging.firstsight.be\/fr\/en\/#website","url":"https:\/\/staging.firstsight.be\/fr\/en\/","name":"First Sight - Event Decorations","description":"Event Decorations","publisher":{"@id":"https:\/\/staging.firstsight.be\/fr\/en\/#organization"},"potentialAction":[{"@type":"SearchAction","target":{"@type":"EntryPoint","urlTemplate":"https:\/\/staging.firstsight.be\/fr\/en\/?s={search_term_string}"},"query-input":{"@type":"PropertyValueSpecification","valueRequired":true,"valueName":"search_term_string"}}],"inLanguage":"fr-BE"},{"@type":"Organization","@id":"https:\/\/staging.firstsight.be\/fr\/en\/#organization","name":"First Sight","url":"https:\/\/staging.firstsight.be\/fr\/en\/","logo":{"@type":"ImageObject","inLanguage":"fr-BE","@id":"https:\/\/staging.firstsight.be\/fr\/en\/#\/schema\/logo\/image\/","url":"https:\/\/staging.firstsight.be\/wp-content\/uploads\/2026\/03\/fs-logo-2.png","contentUrl":"https:\/\/staging.firstsight.be\/wp-content\/uploads\/2026\/03\/fs-logo-2.png","width":867,"height":264,"caption":"First Sight"},"image":{"@id":"https:\/\/staging.firstsight.be\/fr\/en\/#\/schema\/logo\/image\/"},"sameAs":["https:\/\/www.facebook.com\/firstsight.be"]}]}},"_hostinger_reach_plugin_has_subscription_block":false,"_hostinger_reach_plugin_is_elementor":false,"_links":{"self":[{"href":"https:\/\/staging.firstsight.be\/fr\/wp-json\/wp\/v2\/pages\/72","targetHints":{"allow":["GET"]}}],"collection":[{"href":"https:\/\/staging.firstsight.be\/fr\/wp-json\/wp\/v2\/pages"}],"about":[{"href":"https:\/\/staging.firstsight.be\/fr\/wp-json\/wp\/v2\/types\/page"}],"author":[{"embeddable":true,"href":"https:\/\/staging.firstsight.be\/fr\/wp-json\/wp\/v2\/users\/1"}],"replies":[{"embeddable":true,"href":"https:\/\/staging.firstsight.be\/fr\/wp-json\/wp\/v2\/comments?post=72"}],"version-history":[{"count":4,"href":"https:\/\/staging.firstsight.be\/fr\/wp-json\/wp\/v2\/pages\/72\/revisions"}],"predecessor-version":[{"id":137,"href":"https:\/\/staging.firstsight.be\/fr\/wp-json\/wp\/v2\/pages\/72\/revisions\/137"}],"wp:attachment":[{"href":"https:\/\/staging.firstsight.be\/fr\/wp-json\/wp\/v2\/media?parent=72"}],"curies":[{"name":"wp","href":"https:\/\/api.w.org\/{rel}","templated":true}]}}