{"id":77,"date":"2026-02-26T23:11:26","date_gmt":"2026-02-26T22:11:26","guid":{"rendered":"https:\/\/staging.firstsight.be\/?page_id=77"},"modified":"2026-03-08T18:39:53","modified_gmt":"2026-03-08T17:39:53","slug":"who-do-we-work-with","status":"publish","type":"page","link":"https:\/\/staging.firstsight.be\/fr\/who-do-we-work-with\/","title":{"rendered":"Avec qui collaborons-nous ?"},"content":{"rendered":"\r\n<p>Nous disposons d&#8217;un r\u00e9seau de fournisseurs de confiance partout en Belgique, des partenaires fiables et reconnus pour la qualit\u00e9 de leurs produits et services.<\/p>\r\n\r\n\r\n\r\n<p>Nos fournisseurs exercent leur activit\u00e9 depuis de nombreuses ann\u00e9es.<\/p>\r\n\r\n\r\n\r\n<p><strong>Comment et pourquoi s\u00e9lectionnons-nous un partenaire pour votre projet?<\/strong><\/p>\r\n\r\n\r\n\r\n<p>Tout d\u00e9pend de vos souhaits, de votre localisation et de votre budget. Sur la base de ces \u00e9l\u00e9ments, nous vous ferons un devis.<br>Parfois, une expertise sp\u00e9cifique est requise, d\u00e9passant nos connaissances et nos capacit\u00e9s mat\u00e9rielles. C&#8217;est l\u00e0 que nous pouvons faire appel \u00e0 notre r\u00e9seau pour vous garantir la qualit\u00e9 que vous recherchez.<br><br>Nous sommes ouverts \u00e0 la discussion et, si vous avez d\u00e9j\u00e0 des partenaires privil\u00e9gi\u00e9s, nous serons ravis de les contacter et de collaborer avec eux lors de l&#8217;organisation de votre \u00e9v\u00e9nement.<\/p>\r\n\r\n\r\n\r\n<p><strong>Vous \u00eates une entreprise et souhaitez rejoindre notre r\u00e9seau de partenaires?<\/strong><\/p>\r\n\r\n\r\n\r\n<p>Si vous \u00eates une entreprise du secteur \u00e9v\u00e9nementiel (organisateur de mariage, fleuriste,  entreprise de location, expert audiovisuel, d\u00e9corateur, constructeur de sc\u00e8nes, etc.) et que vous souhaitez rejoindre notre r\u00e9seau de fournisseurs de confiance, n&#8217;h\u00e9sitez pas \u00e0 nous contacter \u00e0 l&#8217;adresse <a href=\"mailto:info@firstsight.be\">info@firstsight.be<\/a>, nous pouvons prendre un caf\u00e9.<\/p>\r\n","protected":false},"excerpt":{"rendered":"<p>Nous disposons d&#8217;un r\u00e9seau de fournisseurs de confiance partout en Belgique, des partenaires fiables et reconnus pour la qualit\u00e9 de leurs produits et services. Nos fournisseurs exercent leur activit\u00e9 depuis de nombreuses ann\u00e9es. Comment et pourquoi s\u00e9lectionnons-nous un partenaire pour votre projet? Tout d\u00e9pend de vos souhaits, de votre localisation et de votre budget. Sur [&hellip;]<\/p>\n","protected":false},"author":1,"featured_media":0,"parent":0,"menu_order":0,"comment_status":"closed","ping_status":"closed","template":"","meta":{"footnotes":""},"class_list":["post-77","page","type-page","status-publish","hentry"],"yoast_head":"<!-- This site is optimized with the Yoast SEO plugin v27.3 - https:\/\/yoast.com\/product\/yoast-seo-wordpress\/ -->\n<title>Avec qui collaborons-nous ?<\/title>\n<meta name=\"description\" content=\"Nous disposons d&#039;un r\u00e9seau de fournisseurs de confiance partout en Belgique, des partenaires fiables et reconnus pour la qualit\u00e9 de leurs produits et services. Nos fournisseurs exercent leur activit\u00e9 depuis de nombreuses ann\u00e9es. Comment et pourquoi s\u00e9lectionnons-nous un partenaire pour votre projet? Tout d\u00e9pend de vos souhaits, de votre localisation et de votre budget. Sur&hellip;\" \/>\n<meta name=\"robots\" content=\"index, follow, max-snippet:-1, max-image-preview:large, max-video-preview:-1\" \/>\n<link rel=\"canonical\" href=\"http:\/\/Nous%20disposons%20d'un%20r\u00e9seau%20de%20fournisseurs%20de%20confiance%20partout%20en%20Belgique,%20des%20partenaires%20fiables%20et%20reconnus%20pour%20la%20qualit\u00e9%20de%20leurs%20produits%20et%20services.%20Nos%20fournisseurs%20exercent%20leur%20activit\u00e9%20depuis%20de%20nombreuses%20ann\u00e9es.%20Comment%20et%20pourquoi%20s\u00e9lectionnons-nous%20un%20partenaire%20pour%20votre%20projet?%20Tout%20d\u00e9pend%20de%20vos%20souhaits,%20de%20votre%20localisation%20et%20de%20votre%20budget.%20Sur&hellip;\" \/>\n<meta property=\"og:locale\" content=\"fr_FR\" \/>\n<meta property=\"og:type\" content=\"article\" \/>\n<meta property=\"og:title\" content=\"Avec qui collaborons-nous ?\" \/>\n<meta property=\"og:description\" content=\"Nous disposons d&#039;un r\u00e9seau de fournisseurs de confiance partout en Belgique, des partenaires fiables et reconnus pour la qualit\u00e9 de leurs produits et services. Nos fournisseurs exercent leur activit\u00e9 depuis de nombreuses ann\u00e9es. Comment et pourquoi s\u00e9lectionnons-nous un partenaire pour votre projet? Tout d\u00e9pend de vos souhaits, de votre localisation et de votre budget. Sur&hellip;\" \/>\n<meta property=\"og:url\" content=\"https:\/\/staging.firstsight.be\/fr\/who-do-we-work-with\/\" \/>\n<meta property=\"og:site_name\" content=\"First Sight\" \/>\n<meta property=\"article:publisher\" content=\"https:\/\/www.facebook.com\/firstsight.be\" \/>\n<meta property=\"article:modified_time\" content=\"2026-03-08T17:39:53+00:00\" \/>\n<meta name=\"twitter:card\" content=\"summary_large_image\" \/>\n<meta name=\"twitter:label1\" content=\"Dur\u00e9e de lecture est.\" \/>\n\t<meta name=\"twitter:data1\" content=\"1 minute\" \/>\n<script type=\"application\/ld+json\" class=\"yoast-schema-graph\">{\"@context\":\"https:\\\/\\\/schema.org\",\"@graph\":[{\"@type\":\"WebPage\",\"@id\":\"https:\\\/\\\/staging.firstsight.be\\\/fr\\\/who-do-we-work-with\\\/\",\"url\":\"https:\\\/\\\/staging.firstsight.be\\\/fr\\\/who-do-we-work-with\\\/\",\"name\":\"Who do we work with? - First Sight\",\"isPartOf\":{\"@id\":\"https:\\\/\\\/staging.firstsight.be\\\/en\\\/#website\"},\"datePublished\":\"2026-02-26T22:11:26+00:00\",\"dateModified\":\"2026-03-08T17:39:53+00:00\",\"description\":\"We have a team of trusted suppliers, people we can count on and are known for delivering quality (products\\\/services), no questions asked.\",\"breadcrumb\":{\"@id\":\"https:\\\/\\\/staging.firstsight.be\\\/fr\\\/who-do-we-work-with\\\/#breadcrumb\"},\"inLanguage\":\"fr-BE\",\"potentialAction\":[{\"@type\":\"ReadAction\",\"target\":[\"https:\\\/\\\/staging.firstsight.be\\\/fr\\\/who-do-we-work-with\\\/\"]}]},{\"@type\":\"BreadcrumbList\",\"@id\":\"https:\\\/\\\/staging.firstsight.be\\\/fr\\\/who-do-we-work-with\\\/#breadcrumb\",\"itemListElement\":[{\"@type\":\"ListItem\",\"position\":1,\"name\":\"Home\",\"item\":\"https:\\\/\\\/staging.firstsight.be\\\/en\\\/\"},{\"@type\":\"ListItem\",\"position\":2,\"name\":\"Avec qui collaborons-nous ?\"}]},{\"@type\":\"WebSite\",\"@id\":\"https:\\\/\\\/staging.firstsight.be\\\/fr\\\/en\\\/#website\",\"url\":\"https:\\\/\\\/staging.firstsight.be\\\/fr\\\/en\\\/\",\"name\":\"First Sight - Event Decorations\",\"description\":\"Event Decorations\",\"publisher\":{\"@id\":\"https:\\\/\\\/staging.firstsight.be\\\/fr\\\/en\\\/#organization\"},\"potentialAction\":[{\"@type\":\"SearchAction\",\"target\":{\"@type\":\"EntryPoint\",\"urlTemplate\":\"https:\\\/\\\/staging.firstsight.be\\\/fr\\\/en\\\/?s={search_term_string}\"},\"query-input\":{\"@type\":\"PropertyValueSpecification\",\"valueRequired\":true,\"valueName\":\"search_term_string\"}}],\"inLanguage\":\"fr-BE\"},{\"@type\":\"Organization\",\"@id\":\"https:\\\/\\\/staging.firstsight.be\\\/fr\\\/en\\\/#organization\",\"name\":\"First Sight\",\"url\":\"https:\\\/\\\/staging.firstsight.be\\\/fr\\\/en\\\/\",\"logo\":{\"@type\":\"ImageObject\",\"inLanguage\":\"fr-BE\",\"@id\":\"https:\\\/\\\/staging.firstsight.be\\\/fr\\\/en\\\/#\\\/schema\\\/logo\\\/image\\\/\",\"url\":\"https:\\\/\\\/staging.firstsight.be\\\/wp-content\\\/uploads\\\/2026\\\/03\\\/fs-logo-2.png\",\"contentUrl\":\"https:\\\/\\\/staging.firstsight.be\\\/wp-content\\\/uploads\\\/2026\\\/03\\\/fs-logo-2.png\",\"width\":867,\"height\":264,\"caption\":\"First Sight\"},\"image\":{\"@id\":\"https:\\\/\\\/staging.firstsight.be\\\/fr\\\/en\\\/#\\\/schema\\\/logo\\\/image\\\/\"},\"sameAs\":[\"https:\\\/\\\/www.facebook.com\\\/firstsight.be\"]}]}<\/script>\n<!-- \/ Yoast SEO plugin. -->","yoast_head_json":{"title":"Avec qui collaborons-nous ?","description":"Nous disposons d'un r\u00e9seau de fournisseurs de confiance partout en Belgique, des partenaires fiables et reconnus pour la qualit\u00e9 de leurs produits et services. Nos fournisseurs exercent leur activit\u00e9 depuis de nombreuses ann\u00e9es. Comment et pourquoi s\u00e9lectionnons-nous un partenaire pour votre projet? Tout d\u00e9pend de vos souhaits, de votre localisation et de votre budget. Sur&hellip;","robots":{"index":"index","follow":"follow","max-snippet":"max-snippet:-1","max-image-preview":"max-image-preview:large","max-video-preview":"max-video-preview:-1"},"canonical":"Nous disposons d'un r\u00e9seau de fournisseurs de confiance partout en Belgique, des partenaires fiables et reconnus pour la qualit\u00e9 de leurs produits et services. Nos fournisseurs exercent leur activit\u00e9 depuis de nombreuses ann\u00e9es. Comment et pourquoi s\u00e9lectionnons-nous un partenaire pour votre projet? Tout d\u00e9pend de vos souhaits, de votre localisation et de votre budget. Sur&hellip;","og_locale":"fr_FR","og_type":"article","og_title":"Avec qui collaborons-nous ?","og_description":"Nous disposons d'un r\u00e9seau de fournisseurs de confiance partout en Belgique, des partenaires fiables et reconnus pour la qualit\u00e9 de leurs produits et services. Nos fournisseurs exercent leur activit\u00e9 depuis de nombreuses ann\u00e9es. Comment et pourquoi s\u00e9lectionnons-nous un partenaire pour votre projet? Tout d\u00e9pend de vos souhaits, de votre localisation et de votre budget. Sur&hellip;","og_url":"https:\/\/staging.firstsight.be\/fr\/who-do-we-work-with\/","og_site_name":"First Sight","article_publisher":"https:\/\/www.facebook.com\/firstsight.be","article_modified_time":"2026-03-08T17:39:53+00:00","twitter_card":"summary_large_image","twitter_misc":{"Dur\u00e9e de lecture est.":"1 minute"},"schema":{"@context":"https:\/\/schema.org","@graph":[{"@type":"WebPage","@id":"https:\/\/staging.firstsight.be\/fr\/who-do-we-work-with\/","url":"https:\/\/staging.firstsight.be\/fr\/who-do-we-work-with\/","name":"Who do we work with? - First Sight","isPartOf":{"@id":"https:\/\/staging.firstsight.be\/en\/#website"},"datePublished":"2026-02-26T22:11:26+00:00","dateModified":"2026-03-08T17:39:53+00:00","description":"We have a team of trusted suppliers, people we can count on and are known for delivering quality (products\/services), no questions asked.","breadcrumb":{"@id":"https:\/\/staging.firstsight.be\/fr\/who-do-we-work-with\/#breadcrumb"},"inLanguage":"fr-BE","potentialAction":[{"@type":"ReadAction","target":["https:\/\/staging.firstsight.be\/fr\/who-do-we-work-with\/"]}]},{"@type":"BreadcrumbList","@id":"https:\/\/staging.firstsight.be\/fr\/who-do-we-work-with\/#breadcrumb","itemListElement":[{"@type":"ListItem","position":1,"name":"Home","item":"https:\/\/staging.firstsight.be\/en\/"},{"@type":"ListItem","position":2,"name":"Avec qui collaborons-nous ?"}]},{"@type":"WebSite","@id":"https:\/\/staging.firstsight.be\/fr\/en\/#website","url":"https:\/\/staging.firstsight.be\/fr\/en\/","name":"First Sight - Event Decorations","description":"Event Decorations","publisher":{"@id":"https:\/\/staging.firstsight.be\/fr\/en\/#organization"},"potentialAction":[{"@type":"SearchAction","target":{"@type":"EntryPoint","urlTemplate":"https:\/\/staging.firstsight.be\/fr\/en\/?s={search_term_string}"},"query-input":{"@type":"PropertyValueSpecification","valueRequired":true,"valueName":"search_term_string"}}],"inLanguage":"fr-BE"},{"@type":"Organization","@id":"https:\/\/staging.firstsight.be\/fr\/en\/#organization","name":"First Sight","url":"https:\/\/staging.firstsight.be\/fr\/en\/","logo":{"@type":"ImageObject","inLanguage":"fr-BE","@id":"https:\/\/staging.firstsight.be\/fr\/en\/#\/schema\/logo\/image\/","url":"https:\/\/staging.firstsight.be\/wp-content\/uploads\/2026\/03\/fs-logo-2.png","contentUrl":"https:\/\/staging.firstsight.be\/wp-content\/uploads\/2026\/03\/fs-logo-2.png","width":867,"height":264,"caption":"First Sight"},"image":{"@id":"https:\/\/staging.firstsight.be\/fr\/en\/#\/schema\/logo\/image\/"},"sameAs":["https:\/\/www.facebook.com\/firstsight.be"]}]}},"_hostinger_reach_plugin_has_subscription_block":false,"_hostinger_reach_plugin_is_elementor":false,"_links":{"self":[{"href":"https:\/\/staging.firstsight.be\/fr\/wp-json\/wp\/v2\/pages\/77","targetHints":{"allow":["GET"]}}],"collection":[{"href":"https:\/\/staging.firstsight.be\/fr\/wp-json\/wp\/v2\/pages"}],"about":[{"href":"https:\/\/staging.firstsight.be\/fr\/wp-json\/wp\/v2\/types\/page"}],"author":[{"embeddable":true,"href":"https:\/\/staging.firstsight.be\/fr\/wp-json\/wp\/v2\/users\/1"}],"replies":[{"embeddable":true,"href":"https:\/\/staging.firstsight.be\/fr\/wp-json\/wp\/v2\/comments?post=77"}],"version-history":[{"count":7,"href":"https:\/\/staging.firstsight.be\/fr\/wp-json\/wp\/v2\/pages\/77\/revisions"}],"predecessor-version":[{"id":115,"href":"https:\/\/staging.firstsight.be\/fr\/wp-json\/wp\/v2\/pages\/77\/revisions\/115"}],"wp:attachment":[{"href":"https:\/\/staging.firstsight.be\/fr\/wp-json\/wp\/v2\/media?parent=77"}],"curies":[{"name":"wp","href":"https:\/\/api.w.org\/{rel}","templated":true}]}}