{"id":61,"date":"2026-02-26T22:25:54","date_gmt":"2026-02-26T21:25:54","guid":{"rendered":"https:\/\/staging.firstsight.be\/?page_id=61"},"modified":"2026-03-23T20:15:54","modified_gmt":"2026-03-23T19:15:54","slug":"about","status":"publish","type":"page","link":"https:\/\/staging.firstsight.be\/nl\/about\/","title":{"rendered":"Het gezicht achter First Sight"},"content":{"rendered":"<p>Ik ben Aur\u00e9lie Mbiye-Mujinga, aangenaam kennis te maken! Ik ben de drijvende kracht achter First Sight, opgericht in 2025.<br>Ik haal mijn energie uit het cre\u00ebren en tot leven brengen van idee\u00ebn.<br>Wat kenmerkt mij? Een scherp gevoel voor sfeer, oog voor detail en een constante drang om iets unieks te cre\u00ebren.<\/p>\r\n<!-- \/wp:post-content -->\r\n\r\n<!-- wp:paragraph -->\r\n<p>Met een achtergrond in Design &#038; Textiel en jarenlange ervaring in de verkoop binnen de luxe mode-industrie, ben ik altijd al gepassioneerd geweest over esthetiek, detail en het cre\u00ebren van mooie ervaringen.<\/p>\r\n<!-- \/wp:paragraph -->\r\n\r\n<!-- wp:paragraph -->\r\n<p>In de loop der jaren werd ik vaak door vrienden en familie gevraagd om hun evenementen te decoreren. Wat begon als een simpele passie, groeide al snel uit tot iets wat ik op grotere schaal wilde delen.<br>Dit inspireerde me om mijn eigen bedrijf in evenementdecoratie te starten.<\/p>\r\n<!-- \/wp:paragraph -->\r\n\r\n<!-- wp:paragraph -->\r\n<p>Van het eerste concept tot de laatste details: ik transformeer idee\u00ebn tot een harmonieus visueel geheel. Ik werk graag met kleuren, materialen en composities om de perfecte sfeer te cre\u00ebren, of het nu voor een intiem moment is of voor een groter evenement.<\/p>\r\n<!-- \/wp:paragraph -->\r\n\r\n<!-- wp:paragraph -->\r\n<p>Voor mij gaat het niet alleen om decoratie, maar om een \u200b\u200bbeleving.<br>Elk project is een kans om iets unieks te cre\u00ebren dat mensen raakt en bijblijft.<\/p>\r\n<!-- \/wp:paragraph -->\r\n\r\n<!-- wp:paragraph -->\r\n<p>First Sight, waar momenten vorm krijgen en de sfeer tot leven komt.<\/p>\r\n<!-- \/wp:paragraph -->\r\n\r\n<!-- wp:paragraph -->\r\n<p>Neem gerust contact op als je meer informatie of hulp nodig hebt met je project, of gewoon om even <a href=\"mailto:hello@firstsight.be\">hello@firstsight.be<\/a> te zeggen.<\/a><\/p>\r\n<!-- \/wp:paragraph -->","protected":false},"excerpt":{"rendered":"<p>Ik ben Aur\u00e9lie Mbiye-Mujinga, aangenaam kennis te maken! Ik ben de drijvende kracht achter First Sight, opgericht in 2025.Ik haal mijn energie uit het cre\u00ebren en tot leven brengen van idee\u00ebn.Wat kenmerkt mij? Een scherp gevoel voor sfeer, oog voor detail en een constante drang om iets unieks te cre\u00ebren. Met een achtergrond in Design [&hellip;]<\/p>\n","protected":false},"author":1,"featured_media":0,"parent":0,"menu_order":0,"comment_status":"closed","ping_status":"closed","template":"","meta":{"footnotes":""},"class_list":["post-61","page","type-page","status-publish","hentry"],"yoast_head":"<!-- This site is optimized with the Yoast SEO plugin v27.3 - https:\/\/yoast.com\/product\/yoast-seo-wordpress\/ -->\n<title>Het gezicht achter First Sight<\/title>\n<meta name=\"description\" content=\"Ik ben Aur\u00e9lie Mbiye-Mujinga, aangenaam kennis te maken! Ik ben de drijvende kracht achter First Sight, opgericht in 2025.Ik haal mijn energie uit het cre\u00ebren en tot leven brengen van idee\u00ebn.Wat kenmerkt mij? Een scherp gevoel voor sfeer, oog voor detail en een constante drang om iets unieks te cre\u00ebren. Met een achtergrond in Design&hellip;\" \/>\n<meta name=\"robots\" content=\"index, follow, max-snippet:-1, max-image-preview:large, max-video-preview:-1\" \/>\n<link rel=\"canonical\" href=\"http:\/\/Ik%20ben%20Aur\u00e9lie%20Mbiye-Mujinga,%20aangenaam%20kennis%20te%20maken!%20Ik%20ben%20de%20drijvende%20kracht%20achter%20First%20Sight,%20opgericht%20in%202025.Ik%20haal%20mijn%20energie%20uit%20het%20cre\u00ebren%20en%20tot%20leven%20brengen%20van%20idee\u00ebn.Wat%20kenmerkt%20mij?%20Een%20scherp%20gevoel%20voor%20sfeer,%20oog%20voor%20detail%20en%20een%20constante%20drang%20om%20iets%20unieks%20te%20cre\u00ebren.%20Met%20een%20achtergrond%20in%20Design&hellip;\" \/>\n<meta property=\"og:locale\" content=\"nl_BE\" \/>\n<meta property=\"og:type\" content=\"article\" \/>\n<meta property=\"og:title\" content=\"Het gezicht achter First Sight\" \/>\n<meta property=\"og:description\" content=\"Ik ben Aur\u00e9lie Mbiye-Mujinga, aangenaam kennis te maken! Ik ben de drijvende kracht achter First Sight, opgericht in 2025.Ik haal mijn energie uit het cre\u00ebren en tot leven brengen van idee\u00ebn.Wat kenmerkt mij? Een scherp gevoel voor sfeer, oog voor detail en een constante drang om iets unieks te cre\u00ebren. Met een achtergrond in Design&hellip;\" \/>\n<meta property=\"og:url\" content=\"https:\/\/staging.firstsight.be\/nl\/about\/\" \/>\n<meta property=\"og:site_name\" content=\"First Sight\" \/>\n<meta property=\"article:publisher\" content=\"https:\/\/www.facebook.com\/firstsight.be\" \/>\n<meta property=\"article:modified_time\" content=\"2026-03-23T19:15:54+00:00\" \/>\n<meta name=\"twitter:card\" content=\"summary_large_image\" \/>\n<meta name=\"twitter:label1\" content=\"Geschatte leestijd\" \/>\n\t<meta name=\"twitter:data1\" content=\"1 minuut\" \/>\n<script type=\"application\/ld+json\" class=\"yoast-schema-graph\">{\"@context\":\"https:\\\/\\\/schema.org\",\"@graph\":[{\"@type\":\"WebPage\",\"@id\":\"https:\\\/\\\/staging.firstsight.be\\\/nl\\\/about\\\/\",\"url\":\"https:\\\/\\\/staging.firstsight.be\\\/nl\\\/about\\\/\",\"name\":\"The face behind First Sight - First Sight\",\"isPartOf\":{\"@id\":\"https:\\\/\\\/staging.firstsight.be\\\/en\\\/#website\"},\"datePublished\":\"2026-02-26T21:25:54+00:00\",\"dateModified\":\"2026-03-23T19:15:54+00:00\",\"description\":\"First Sight is conceived in 2025 by Aur\u00e9lie Mbiye-Mujinga. Our goal is to deliver memorable events to fall in love with.\",\"breadcrumb\":{\"@id\":\"https:\\\/\\\/staging.firstsight.be\\\/nl\\\/about\\\/#breadcrumb\"},\"inLanguage\":\"nl-BE\",\"potentialAction\":[{\"@type\":\"ReadAction\",\"target\":[\"https:\\\/\\\/staging.firstsight.be\\\/nl\\\/about\\\/\"]}]},{\"@type\":\"BreadcrumbList\",\"@id\":\"https:\\\/\\\/staging.firstsight.be\\\/nl\\\/about\\\/#breadcrumb\",\"itemListElement\":[{\"@type\":\"ListItem\",\"position\":1,\"name\":\"Home\",\"item\":\"https:\\\/\\\/staging.firstsight.be\\\/en\\\/\"},{\"@type\":\"ListItem\",\"position\":2,\"name\":\"Het gezicht achter First Sight\"}]},{\"@type\":\"WebSite\",\"@id\":\"https:\\\/\\\/staging.firstsight.be\\\/nl\\\/en\\\/#website\",\"url\":\"https:\\\/\\\/staging.firstsight.be\\\/nl\\\/en\\\/\",\"name\":\"First Sight - Event Decorations\",\"description\":\"Event Decorations\",\"publisher\":{\"@id\":\"https:\\\/\\\/staging.firstsight.be\\\/nl\\\/en\\\/#organization\"},\"potentialAction\":[{\"@type\":\"SearchAction\",\"target\":{\"@type\":\"EntryPoint\",\"urlTemplate\":\"https:\\\/\\\/staging.firstsight.be\\\/nl\\\/en\\\/?s={search_term_string}\"},\"query-input\":{\"@type\":\"PropertyValueSpecification\",\"valueRequired\":true,\"valueName\":\"search_term_string\"}}],\"inLanguage\":\"nl-BE\"},{\"@type\":\"Organization\",\"@id\":\"https:\\\/\\\/staging.firstsight.be\\\/nl\\\/en\\\/#organization\",\"name\":\"First Sight\",\"url\":\"https:\\\/\\\/staging.firstsight.be\\\/nl\\\/en\\\/\",\"logo\":{\"@type\":\"ImageObject\",\"inLanguage\":\"nl-BE\",\"@id\":\"https:\\\/\\\/staging.firstsight.be\\\/nl\\\/en\\\/#\\\/schema\\\/logo\\\/image\\\/\",\"url\":\"https:\\\/\\\/staging.firstsight.be\\\/wp-content\\\/uploads\\\/2026\\\/03\\\/fs-logo-2.png\",\"contentUrl\":\"https:\\\/\\\/staging.firstsight.be\\\/wp-content\\\/uploads\\\/2026\\\/03\\\/fs-logo-2.png\",\"width\":867,\"height\":264,\"caption\":\"First Sight\"},\"image\":{\"@id\":\"https:\\\/\\\/staging.firstsight.be\\\/nl\\\/en\\\/#\\\/schema\\\/logo\\\/image\\\/\"},\"sameAs\":[\"https:\\\/\\\/www.facebook.com\\\/firstsight.be\"]}]}<\/script>\n<!-- \/ Yoast SEO plugin. -->","yoast_head_json":{"title":"Het gezicht achter First Sight","description":"Ik ben Aur\u00e9lie Mbiye-Mujinga, aangenaam kennis te maken! Ik ben de drijvende kracht achter First Sight, opgericht in 2025.Ik haal mijn energie uit het cre\u00ebren en tot leven brengen van idee\u00ebn.Wat kenmerkt mij? Een scherp gevoel voor sfeer, oog voor detail en een constante drang om iets unieks te cre\u00ebren. Met een achtergrond in Design&hellip;","robots":{"index":"index","follow":"follow","max-snippet":"max-snippet:-1","max-image-preview":"max-image-preview:large","max-video-preview":"max-video-preview:-1"},"canonical":"Ik ben Aur\u00e9lie Mbiye-Mujinga, aangenaam kennis te maken! Ik ben de drijvende kracht achter First Sight, opgericht in 2025.Ik haal mijn energie uit het cre\u00ebren en tot leven brengen van idee\u00ebn.Wat kenmerkt mij? Een scherp gevoel voor sfeer, oog voor detail en een constante drang om iets unieks te cre\u00ebren. Met een achtergrond in Design&hellip;","og_locale":"nl_BE","og_type":"article","og_title":"Het gezicht achter First Sight","og_description":"Ik ben Aur\u00e9lie Mbiye-Mujinga, aangenaam kennis te maken! Ik ben de drijvende kracht achter First Sight, opgericht in 2025.Ik haal mijn energie uit het cre\u00ebren en tot leven brengen van idee\u00ebn.Wat kenmerkt mij? Een scherp gevoel voor sfeer, oog voor detail en een constante drang om iets unieks te cre\u00ebren. Met een achtergrond in Design&hellip;","og_url":"https:\/\/staging.firstsight.be\/nl\/about\/","og_site_name":"First Sight","article_publisher":"https:\/\/www.facebook.com\/firstsight.be","article_modified_time":"2026-03-23T19:15:54+00:00","twitter_card":"summary_large_image","twitter_misc":{"Geschatte leestijd":"1 minuut"},"schema":{"@context":"https:\/\/schema.org","@graph":[{"@type":"WebPage","@id":"https:\/\/staging.firstsight.be\/nl\/about\/","url":"https:\/\/staging.firstsight.be\/nl\/about\/","name":"The face behind First Sight - First Sight","isPartOf":{"@id":"https:\/\/staging.firstsight.be\/en\/#website"},"datePublished":"2026-02-26T21:25:54+00:00","dateModified":"2026-03-23T19:15:54+00:00","description":"First Sight is conceived in 2025 by Aur\u00e9lie Mbiye-Mujinga. Our goal is to deliver memorable events to fall in love with.","breadcrumb":{"@id":"https:\/\/staging.firstsight.be\/nl\/about\/#breadcrumb"},"inLanguage":"nl-BE","potentialAction":[{"@type":"ReadAction","target":["https:\/\/staging.firstsight.be\/nl\/about\/"]}]},{"@type":"BreadcrumbList","@id":"https:\/\/staging.firstsight.be\/nl\/about\/#breadcrumb","itemListElement":[{"@type":"ListItem","position":1,"name":"Home","item":"https:\/\/staging.firstsight.be\/en\/"},{"@type":"ListItem","position":2,"name":"Het gezicht achter First Sight"}]},{"@type":"WebSite","@id":"https:\/\/staging.firstsight.be\/nl\/en\/#website","url":"https:\/\/staging.firstsight.be\/nl\/en\/","name":"First Sight - Event Decorations","description":"Event Decorations","publisher":{"@id":"https:\/\/staging.firstsight.be\/nl\/en\/#organization"},"potentialAction":[{"@type":"SearchAction","target":{"@type":"EntryPoint","urlTemplate":"https:\/\/staging.firstsight.be\/nl\/en\/?s={search_term_string}"},"query-input":{"@type":"PropertyValueSpecification","valueRequired":true,"valueName":"search_term_string"}}],"inLanguage":"nl-BE"},{"@type":"Organization","@id":"https:\/\/staging.firstsight.be\/nl\/en\/#organization","name":"First Sight","url":"https:\/\/staging.firstsight.be\/nl\/en\/","logo":{"@type":"ImageObject","inLanguage":"nl-BE","@id":"https:\/\/staging.firstsight.be\/nl\/en\/#\/schema\/logo\/image\/","url":"https:\/\/staging.firstsight.be\/wp-content\/uploads\/2026\/03\/fs-logo-2.png","contentUrl":"https:\/\/staging.firstsight.be\/wp-content\/uploads\/2026\/03\/fs-logo-2.png","width":867,"height":264,"caption":"First Sight"},"image":{"@id":"https:\/\/staging.firstsight.be\/nl\/en\/#\/schema\/logo\/image\/"},"sameAs":["https:\/\/www.facebook.com\/firstsight.be"]}]}},"_hostinger_reach_plugin_has_subscription_block":false,"_hostinger_reach_plugin_is_elementor":false,"_links":{"self":[{"href":"https:\/\/staging.firstsight.be\/nl\/wp-json\/wp\/v2\/pages\/61","targetHints":{"allow":["GET"]}}],"collection":[{"href":"https:\/\/staging.firstsight.be\/nl\/wp-json\/wp\/v2\/pages"}],"about":[{"href":"https:\/\/staging.firstsight.be\/nl\/wp-json\/wp\/v2\/types\/page"}],"author":[{"embeddable":true,"href":"https:\/\/staging.firstsight.be\/nl\/wp-json\/wp\/v2\/users\/1"}],"replies":[{"embeddable":true,"href":"https:\/\/staging.firstsight.be\/nl\/wp-json\/wp\/v2\/comments?post=61"}],"version-history":[{"count":7,"href":"https:\/\/staging.firstsight.be\/nl\/wp-json\/wp\/v2\/pages\/61\/revisions"}],"predecessor-version":[{"id":142,"href":"https:\/\/staging.firstsight.be\/nl\/wp-json\/wp\/v2\/pages\/61\/revisions\/142"}],"wp:attachment":[{"href":"https:\/\/staging.firstsight.be\/nl\/wp-json\/wp\/v2\/media?parent=61"}],"curies":[{"name":"wp","href":"https:\/\/api.w.org\/{rel}","templated":true}]}}