{"id":72,"date":"2026-02-26T22:52:17","date_gmt":"2026-02-26T21:52:17","guid":{"rendered":"https:\/\/staging.firstsight.be\/?page_id=72"},"modified":"2026-03-09T15:45:12","modified_gmt":"2026-03-09T14:45:12","slug":"how-to-start-your-project","status":"publish","type":"page","link":"https:\/\/staging.firstsight.be\/nl\/how-to-start-your-project\/","title":{"rendered":"Hoe begin je aan je project?"},"content":{"rendered":"\r\n<p>Bij <strong>First Sight<\/strong> nodigen we klanten uit om hun moodboard rechtstreeks via onze <a href=\"https:\/\/studio.firstsight.be\/\" type=\"link\" id=\"https:\/\/studio.firstsight.be\/\">studio<\/a> te cre\u00ebren.<\/p>\r\n\r\n\r\n\r\n<p>Hiermee kunt u:<\/p>\r\n\r\n\r\n\r\n<ul class=\"wp-block-list\">\r\n<li>Uw inspiratie en voorkeuren defini\u00ebren<\/li>\r\n\r\n\r\n\r\n<li>Uw evenementconcept visueel vormgeven<\/li>\r\n\r\n\r\n\r\n<li>Uw eerste idee\u00ebn met ons delen<\/li>\r\n<\/ul>\r\n\r\n\r\n\r\n<p>Het gebruik van het moodboard is gratis voor prospecten en klanten.<\/p>\r\n\r\n\r\n\r\n<p>Als u al plannen of andere documenten heeft, kunt u deze ook rechtstreeks naar hello@firstsight.be sturen.<\/p>\r\n\r\n\r\n\r\n<p>Na het publiceren van uw moodboard of e-mail nemen we binnen maximaal 48 uur contact met u op, telefonisch of per e-mail, afhankelijk van uw voorkeur en beschikbaarheid.<br \/><br \/>Of gebruik onze planner om uw eerste kennismakingsgesprek in te plannen.<\/p>\r\n","protected":false},"excerpt":{"rendered":"<p>Bij First Sight nodigen we klanten uit om hun moodboard rechtstreeks via onze studio te cre\u00ebren. Hiermee kunt u: Uw inspiratie en voorkeuren defini\u00ebren Uw evenementconcept visueel vormgeven Uw eerste idee\u00ebn met ons delen Het gebruik van het moodboard is gratis voor prospecten en klanten. Als u al plannen of andere documenten heeft, kunt u [&hellip;]<\/p>\n","protected":false},"author":1,"featured_media":0,"parent":0,"menu_order":0,"comment_status":"closed","ping_status":"closed","template":"","meta":{"footnotes":""},"class_list":["post-72","page","type-page","status-publish","hentry"],"yoast_head":"<!-- This site is optimized with the Yoast SEO plugin v27.3 - https:\/\/yoast.com\/product\/yoast-seo-wordpress\/ -->\n<title>Hoe begin je aan je project?<\/title>\n<meta name=\"description\" content=\"Bij First Sight nodigen we klanten uit om hun moodboard rechtstreeks via onze studio te cre\u00ebren. Hiermee kunt u: Uw inspiratie en voorkeuren defini\u00ebren Uw evenementconcept visueel vormgeven Uw eerste idee\u00ebn met ons delen Het gebruik van het moodboard is gratis voor prospecten en klanten. Als u al plannen of andere documenten heeft, kunt u&hellip;\" \/>\n<meta name=\"robots\" content=\"index, follow, max-snippet:-1, max-image-preview:large, max-video-preview:-1\" \/>\n<link rel=\"canonical\" href=\"\" \/>\n<meta property=\"og:locale\" content=\"nl_BE\" \/>\n<meta property=\"og:type\" content=\"article\" \/>\n<meta property=\"og:title\" content=\"Hoe begin je aan je project?\" \/>\n<meta property=\"og:description\" content=\"Bij First Sight nodigen we klanten uit om hun moodboard rechtstreeks via onze studio te cre\u00ebren. Hiermee kunt u: Uw inspiratie en voorkeuren defini\u00ebren Uw evenementconcept visueel vormgeven Uw eerste idee\u00ebn met ons delen Het gebruik van het moodboard is gratis voor prospecten en klanten. Als u al plannen of andere documenten heeft, kunt u&hellip;\" \/>\n<meta property=\"og:url\" content=\"https:\/\/staging.firstsight.be\/nl\/how-to-start-your-project\/\" \/>\n<meta property=\"og:site_name\" content=\"First Sight\" \/>\n<meta property=\"article:publisher\" content=\"https:\/\/www.facebook.com\/firstsight.be\" \/>\n<meta property=\"article:modified_time\" content=\"2026-03-09T14:45:12+00:00\" \/>\n<meta name=\"twitter:card\" content=\"summary_large_image\" \/>\n<meta name=\"twitter:label1\" content=\"Geschatte leestijd\" \/>\n\t<meta name=\"twitter:data1\" content=\"1 minuut\" \/>\n<script type=\"application\/ld+json\" class=\"yoast-schema-graph\">{\"@context\":\"https:\\\/\\\/schema.org\",\"@graph\":[{\"@type\":\"WebPage\",\"@id\":\"https:\\\/\\\/staging.firstsight.be\\\/nl\\\/how-to-start-your-project\\\/\",\"url\":\"https:\\\/\\\/staging.firstsight.be\\\/nl\\\/how-to-start-your-project\\\/\",\"name\":\"How to Start Your Project? - First Sight\",\"isPartOf\":{\"@id\":\"https:\\\/\\\/staging.firstsight.be\\\/en\\\/#website\"},\"datePublished\":\"2026-02-26T21:52:17+00:00\",\"dateModified\":\"2026-03-09T14:45:12+00:00\",\"description\":\"At First Sight, we invite clients to create their mood board directly via our free studio. It allows you to share your initial idea with us.\",\"breadcrumb\":{\"@id\":\"https:\\\/\\\/staging.firstsight.be\\\/nl\\\/how-to-start-your-project\\\/#breadcrumb\"},\"inLanguage\":\"nl-BE\",\"potentialAction\":[{\"@type\":\"ReadAction\",\"target\":[\"https:\\\/\\\/staging.firstsight.be\\\/nl\\\/how-to-start-your-project\\\/\"]}]},{\"@type\":\"BreadcrumbList\",\"@id\":\"https:\\\/\\\/staging.firstsight.be\\\/nl\\\/how-to-start-your-project\\\/#breadcrumb\",\"itemListElement\":[{\"@type\":\"ListItem\",\"position\":1,\"name\":\"Home\",\"item\":\"https:\\\/\\\/staging.firstsight.be\\\/en\\\/\"},{\"@type\":\"ListItem\",\"position\":2,\"name\":\"Hoe begin je aan je project?\"}]},{\"@type\":\"WebSite\",\"@id\":\"https:\\\/\\\/staging.firstsight.be\\\/nl\\\/en\\\/#website\",\"url\":\"https:\\\/\\\/staging.firstsight.be\\\/nl\\\/en\\\/\",\"name\":\"First Sight - Event Decorations\",\"description\":\"Event Decorations\",\"publisher\":{\"@id\":\"https:\\\/\\\/staging.firstsight.be\\\/nl\\\/en\\\/#organization\"},\"potentialAction\":[{\"@type\":\"SearchAction\",\"target\":{\"@type\":\"EntryPoint\",\"urlTemplate\":\"https:\\\/\\\/staging.firstsight.be\\\/nl\\\/en\\\/?s={search_term_string}\"},\"query-input\":{\"@type\":\"PropertyValueSpecification\",\"valueRequired\":true,\"valueName\":\"search_term_string\"}}],\"inLanguage\":\"nl-BE\"},{\"@type\":\"Organization\",\"@id\":\"https:\\\/\\\/staging.firstsight.be\\\/nl\\\/en\\\/#organization\",\"name\":\"First Sight\",\"url\":\"https:\\\/\\\/staging.firstsight.be\\\/nl\\\/en\\\/\",\"logo\":{\"@type\":\"ImageObject\",\"inLanguage\":\"nl-BE\",\"@id\":\"https:\\\/\\\/staging.firstsight.be\\\/nl\\\/en\\\/#\\\/schema\\\/logo\\\/image\\\/\",\"url\":\"https:\\\/\\\/staging.firstsight.be\\\/wp-content\\\/uploads\\\/2026\\\/03\\\/fs-logo-2.png\",\"contentUrl\":\"https:\\\/\\\/staging.firstsight.be\\\/wp-content\\\/uploads\\\/2026\\\/03\\\/fs-logo-2.png\",\"width\":867,\"height\":264,\"caption\":\"First Sight\"},\"image\":{\"@id\":\"https:\\\/\\\/staging.firstsight.be\\\/nl\\\/en\\\/#\\\/schema\\\/logo\\\/image\\\/\"},\"sameAs\":[\"https:\\\/\\\/www.facebook.com\\\/firstsight.be\"]}]}<\/script>\n<!-- \/ Yoast SEO plugin. -->","yoast_head_json":{"title":"Hoe begin je aan je project?","description":"Bij First Sight nodigen we klanten uit om hun moodboard rechtstreeks via onze studio te cre\u00ebren. Hiermee kunt u: Uw inspiratie en voorkeuren defini\u00ebren Uw evenementconcept visueel vormgeven Uw eerste idee\u00ebn met ons delen Het gebruik van het moodboard is gratis voor prospecten en klanten. Als u al plannen of andere documenten heeft, kunt u&hellip;","robots":{"index":"index","follow":"follow","max-snippet":"max-snippet:-1","max-image-preview":"max-image-preview:large","max-video-preview":"max-video-preview:-1"},"canonical":"Bij First Sight nodigen we klanten uit om hun moodboard rechtstreeks via onze studio te cre\u00ebren. Hiermee kunt u: Uw inspiratie en voorkeuren defini\u00ebren Uw evenementconcept visueel vormgeven Uw eerste idee\u00ebn met ons delen Het gebruik van het moodboard is gratis voor prospecten en klanten. Als u al plannen of andere documenten heeft, kunt u&hellip;","og_locale":"nl_BE","og_type":"article","og_title":"Hoe begin je aan je project?","og_description":"Bij First Sight nodigen we klanten uit om hun moodboard rechtstreeks via onze studio te cre\u00ebren. Hiermee kunt u: Uw inspiratie en voorkeuren defini\u00ebren Uw evenementconcept visueel vormgeven Uw eerste idee\u00ebn met ons delen Het gebruik van het moodboard is gratis voor prospecten en klanten. Als u al plannen of andere documenten heeft, kunt u&hellip;","og_url":"https:\/\/staging.firstsight.be\/nl\/how-to-start-your-project\/","og_site_name":"First Sight","article_publisher":"https:\/\/www.facebook.com\/firstsight.be","article_modified_time":"2026-03-09T14:45:12+00:00","twitter_card":"summary_large_image","twitter_misc":{"Geschatte leestijd":"1 minuut"},"schema":{"@context":"https:\/\/schema.org","@graph":[{"@type":"WebPage","@id":"https:\/\/staging.firstsight.be\/nl\/how-to-start-your-project\/","url":"https:\/\/staging.firstsight.be\/nl\/how-to-start-your-project\/","name":"How to Start Your Project? - First Sight","isPartOf":{"@id":"https:\/\/staging.firstsight.be\/en\/#website"},"datePublished":"2026-02-26T21:52:17+00:00","dateModified":"2026-03-09T14:45:12+00:00","description":"At First Sight, we invite clients to create their mood board directly via our free studio. It allows you to share your initial idea with us.","breadcrumb":{"@id":"https:\/\/staging.firstsight.be\/nl\/how-to-start-your-project\/#breadcrumb"},"inLanguage":"nl-BE","potentialAction":[{"@type":"ReadAction","target":["https:\/\/staging.firstsight.be\/nl\/how-to-start-your-project\/"]}]},{"@type":"BreadcrumbList","@id":"https:\/\/staging.firstsight.be\/nl\/how-to-start-your-project\/#breadcrumb","itemListElement":[{"@type":"ListItem","position":1,"name":"Home","item":"https:\/\/staging.firstsight.be\/en\/"},{"@type":"ListItem","position":2,"name":"Hoe begin je aan je project?"}]},{"@type":"WebSite","@id":"https:\/\/staging.firstsight.be\/nl\/en\/#website","url":"https:\/\/staging.firstsight.be\/nl\/en\/","name":"First Sight - Event Decorations","description":"Event Decorations","publisher":{"@id":"https:\/\/staging.firstsight.be\/nl\/en\/#organization"},"potentialAction":[{"@type":"SearchAction","target":{"@type":"EntryPoint","urlTemplate":"https:\/\/staging.firstsight.be\/nl\/en\/?s={search_term_string}"},"query-input":{"@type":"PropertyValueSpecification","valueRequired":true,"valueName":"search_term_string"}}],"inLanguage":"nl-BE"},{"@type":"Organization","@id":"https:\/\/staging.firstsight.be\/nl\/en\/#organization","name":"First Sight","url":"https:\/\/staging.firstsight.be\/nl\/en\/","logo":{"@type":"ImageObject","inLanguage":"nl-BE","@id":"https:\/\/staging.firstsight.be\/nl\/en\/#\/schema\/logo\/image\/","url":"https:\/\/staging.firstsight.be\/wp-content\/uploads\/2026\/03\/fs-logo-2.png","contentUrl":"https:\/\/staging.firstsight.be\/wp-content\/uploads\/2026\/03\/fs-logo-2.png","width":867,"height":264,"caption":"First Sight"},"image":{"@id":"https:\/\/staging.firstsight.be\/nl\/en\/#\/schema\/logo\/image\/"},"sameAs":["https:\/\/www.facebook.com\/firstsight.be"]}]}},"_hostinger_reach_plugin_has_subscription_block":false,"_hostinger_reach_plugin_is_elementor":false,"_links":{"self":[{"href":"https:\/\/staging.firstsight.be\/nl\/wp-json\/wp\/v2\/pages\/72","targetHints":{"allow":["GET"]}}],"collection":[{"href":"https:\/\/staging.firstsight.be\/nl\/wp-json\/wp\/v2\/pages"}],"about":[{"href":"https:\/\/staging.firstsight.be\/nl\/wp-json\/wp\/v2\/types\/page"}],"author":[{"embeddable":true,"href":"https:\/\/staging.firstsight.be\/nl\/wp-json\/wp\/v2\/users\/1"}],"replies":[{"embeddable":true,"href":"https:\/\/staging.firstsight.be\/nl\/wp-json\/wp\/v2\/comments?post=72"}],"version-history":[{"count":4,"href":"https:\/\/staging.firstsight.be\/nl\/wp-json\/wp\/v2\/pages\/72\/revisions"}],"predecessor-version":[{"id":137,"href":"https:\/\/staging.firstsight.be\/nl\/wp-json\/wp\/v2\/pages\/72\/revisions\/137"}],"wp:attachment":[{"href":"https:\/\/staging.firstsight.be\/nl\/wp-json\/wp\/v2\/media?parent=72"}],"curies":[{"name":"wp","href":"https:\/\/api.w.org\/{rel}","templated":true}]}}